{"id":1953,"date":"2018-06-27T10:16:34","date_gmt":"2018-06-27T08:16:34","guid":{"rendered":"https:\/\/parkkemping.hu\/?page_id=1953"},"modified":"2025-05-07T12:05:45","modified_gmt":"2025-05-07T10:05:45","slug":"strand-arak","status":"publish","type":"page","link":"https:\/\/siralystrand.hu\/en\/strand-arak\/","title":{"rendered":"\u00c1rak &#8211; Strand"},"content":{"rendered":"<p>[et_pb_section fb_built=&#8221;1&#8243; custom_padding_last_edited=&#8221;on|phone&#8221; _builder_version=&#8221;3.22&#8243; background_color=&#8221;rgba(0,0,0,0.6)&#8221; background_image=&#8221;https:\/\/parkkemping.hu\/wp-content\/uploads\/2018\/05\/park_strand_kemping.jpg&#8221; background_blend=&#8221;overlay&#8221; custom_padding=&#8221;135px|0px|135px|0px|true|false&#8221; custom_padding_tablet=&#8221;&#8221; custom_padding_phone=&#8221;25px||25px||true|false&#8221;][et_pb_row custom_padding_last_edited=&#8221;off|desktop&#8221; _builder_version=&#8221;3.25&#8243; custom_padding=&#8221;|||&#8221; custom_padding_tablet=&#8221;||20px|&#8221; custom_padding_phone=&#8221;60px|0px|20px|0px&#8221;][et_pb_column type=&#8221;4_4&#8243; _builder_version=&#8221;3.25&#8243; custom_padding=&#8221;|||&#8221; custom_padding__hover=&#8221;|||&#8221;][et_pb_text module_class=&#8221;secheader&#8221; _builder_version=&#8221;3.27.4&#8243; text_font=&#8221;||||||||&#8221; header_font=&#8221;Pacifico||||||||&#8221; header_text_align=&#8221;center&#8221; text_orientation=&#8221;center&#8221; background_layout=&#8221;dark&#8221; header_font_size_tablet=&#8221;&#8221; header_font_size_phone=&#8221;36px&#8221; header_font_size_last_edited=&#8221;on|phone&#8221;]<\/p>\n<h1>Sir\u00e1ly Beach<\/h1>\n<h1>Prices<\/h1>\n<p>[\/et_pb_text][\/et_pb_column][\/et_pb_row][\/et_pb_section][et_pb_section fb_built=&#8221;1&#8243; module_id=&#8221;strand-arak&#8221; _builder_version=&#8221;4.0.10&#8243; background_color=&#8221;#f4f4f4&#8243; overflow-x=&#8221;visible&#8221; custom_padding=&#8221;40px|0px|54px|0px|false|false&#8221; overflow-x_tablet=&#8221;&#8221; overflow-x_phone=&#8221;&#8221; overflow-x_last_edited=&#8221;on|phone&#8221; overflow-y_tablet=&#8221;&#8221; overflow-y_phone=&#8221;visible&#8221; overflow-y_last_edited=&#8221;on|phone&#8221; saved_tabs=&#8221;all&#8221;][et_pb_row disabled_on=&#8221;off|off|off&#8221; module_id=&#8221;arak&#8221; _builder_version=&#8221;4.0.10&#8243; custom_padding=&#8221;0|0px|27px|0px|false|false&#8221; overflow-x_tablet=&#8221;&#8221; overflow-x_phone=&#8221;scroll&#8221; overflow-x_last_edited=&#8221;on|phone&#8221; overflow-y_tablet=&#8221;&#8221; overflow-y_phone=&#8221;scroll&#8221; overflow-y_last_edited=&#8221;on|phone&#8221;][et_pb_column type=&#8221;4_4&#8243; _builder_version=&#8221;3.25&#8243; custom_padding=&#8221;|||&#8221; custom_padding__hover=&#8221;|||&#8221;][et_pb_text disabled_on=&#8221;off|off|off&#8221; module_id=&#8221;velenceito&#8221; _builder_version=&#8221;4.0.10&#8243; text_font=&#8221;PT Sans Caption||||||||&#8221; header_text_align=&#8221;center&#8221; header_text_color=&#8221;#231f20&#8243; width=&#8221;100%&#8221; max_width_tablet=&#8221;88%&#8221; max_width_phone=&#8221;100%&#8221; max_width_last_edited=&#8221;on|phone&#8221; module_alignment=&#8221;center&#8221; overflow-y=&#8221;visible&#8221; custom_margin=&#8221;10px|50px|20px|50px&#8221; custom_margin_tablet=&#8221;20px||20px|&#8221; custom_margin_phone=&#8221;&#8221; custom_margin_last_edited=&#8221;on|phone&#8221; custom_padding=&#8221;||||false|false&#8221; custom_padding_tablet=&#8221;&#8221; custom_padding_phone=&#8221;&#8221; custom_padding_last_edited=&#8221;on|phone&#8221; z_index=&#8221;0&#8243; overflow-x_tablet=&#8221;&#8221; overflow-x_phone=&#8221;visible&#8221; overflow-x_last_edited=&#8221;on|phone&#8221;]<\/p>\n<h2 style=\"text-align: center;\">Ticket- and Season ticket prices<\/h2>\n<table width=\"577\">\n<tbody>\n<tr>\n<td width=\"244\"><\/td>\n<td colspan=\"2\" width=\"159\"><\/td>\n<td colspan=\"2\" width=\"174\"><\/td>\n<\/tr>\n<tr>\n<td width=\"244\">\u00a0<\/td>\n<td width=\"95\">whole day<\/td>\n<td width=\"64\"><\/td>\n<td width=\"92\"><\/td>\n<td width=\"82\"><\/td>\n<\/tr>\n<tr>\n<td width=\"244\">Adult<\/td>\n<td width=\"95\">1 200 Ft<\/td>\n<td width=\"64\"><\/td>\n<td width=\"92\"><\/td>\n<td width=\"82\"><\/td>\n<\/tr>\n<tr>\n<td width=\"244\">Student, retired<\/td>\n<td width=\"95\">800 Ft<\/td>\n<td width=\"64\"><\/td>\n<td width=\"92\"><\/td>\n<td width=\"82\"><\/td>\n<\/tr>\n<tr>\n<td width=\"244\">Child (3-14 years)<\/td>\n<td width=\"95\">600 Ft<\/td>\n<td width=\"64\"><\/td>\n<td width=\"92\"><\/td>\n<td width=\"82\"><\/td>\n<\/tr>\n<tr>\n<td width=\"244\"><\/td>\n<td width=\"95\"><\/td>\n<td width=\"64\"><\/td>\n<td width=\"92\"><\/td>\n<td width=\"82\"><\/td>\n<\/tr>\n<tr>\n<td width=\"244\"><\/td>\n<td width=\"95\"><\/td>\n<td width=\"64\"><\/td>\n<td width=\"92\"><\/td>\n<td width=\"82\"><\/td>\n<\/tr>\n<tr>\n<td width=\"244\"><\/td>\n<td width=\"95\"><\/td>\n<td width=\"64\"><\/td>\n<td width=\"92\"><\/td>\n<td width=\"82\"><\/td>\n<\/tr>\n<tr>\n<td width=\"244\">Discounted adult<\/td>\n<td width=\"95\">600 Ft<\/td>\n<td width=\"64\"><\/td>\n<td width=\"92\"><\/td>\n<td width=\"82\"><\/td>\n<\/tr>\n<tr>\n<td width=\"244\">Discounted student, retired<\/td>\n<td width=\"95\">600 Ft<\/td>\n<td width=\"64\"><\/td>\n<td width=\"92\"><\/td>\n<td width=\"82\"><\/td>\n<\/tr>\n<tr>\n<td width=\"244\">Discounted child<\/td>\n<td width=\"95\">300 Ft<\/td>\n<td width=\"64\"><\/td>\n<td width=\"92\"><\/td>\n<td width=\"82\"><\/td>\n<\/tr>\n<\/tbody>\n<\/table>\n<table class=\"aligncenter\" style=\"height: 9px;\" width=\"7\">\n<tbody>\n<tr>\n<td width=\"142\"><\/td>\n<td colspan=\"2\" width=\"128\"><\/td>\n<td style=\"text-align: left;\" colspan=\"2\" width=\"128\"><\/td>\n<\/tr>\n<\/tbody>\n<\/table>\n<p>&nbsp;<\/p>\n<p>[\/et_pb_text][et_pb_text _builder_version=&#8221;4.0.10&#8243;]<\/p>\n<table width=\"322\">\n<tbody>\n<tr>\n<td width=\"175\">\u00a0<\/td>\n<td width=\"147\">Whole season ticket<\/td>\n<\/tr>\n<tr>\n<td>Adult<\/td>\n<td>12 000 Ft<\/td>\n<\/tr>\n<tr>\n<td>Student, retired<\/td>\n<td>8 000 Ft<\/td>\n<\/tr>\n<tr>\n<td width=\"175\">Gyermek (3-14 \u00e9ves korig)<\/td>\n<td>6 000 Ft<\/td>\n<\/tr>\n<tr>\n<td width=\"175\">Discounted adult<\/td>\n<td>6 000 Ft<\/td>\n<\/tr>\n<tr>\n<td width=\"175\">Discounted student, retired<\/td>\n<td>6 000 Ft<\/td>\n<\/tr>\n<tr>\n<td width=\"175\">Discounted child<\/td>\n<td>3 000 Ft<\/td>\n<\/tr>\n<\/tbody>\n<\/table>\n<p>[\/et_pb_text][et_pb_text _builder_version=&#8221;4.0.10&#8243; text_font_size=&#8221;15px&#8221; custom_margin=&#8221;|||&#8221; custom_padding=&#8221;20px|||&#8221;]<\/p>\n<p style=\"text-align: center;\">\u00c9rt\u00e9kmeg\u0151rz\u0151: 1.000 Ft\/rekesz<\/p>\n<p style=\"text-align: center;\">PARKOL\u00c1S: 2.000 Ft\/szem\u00e9lyaut\u00f3<\/p>\n<p style=\"text-align: center;\">Payment methods: cash, debit- and creditcards, Sz\u00e9chenyi relax cards.<\/p>\n<p style=\"text-align: center;\">From the 2021 season, resort owners can also use the discounted \"Local residents\" passes! More information about this <a href=\"https:\/\/siralystrand.hu\/en\/tajekoztato-kedvezmenyes-strandberletekrol\/\">click<\/a> here!<strong><\/strong><\/p>\n<p style=\"text-align: center;\">Online ticket purchase:\u00a0<a href=\"https:\/\/gardonyistrandok.city-pay.hu\/\">https:\/\/gardonyistrandok.city-pay.hu\/<\/a><\/p>\n<p style=\"text-align: center;\"><strong>It is forbidden to bring dogs into the Sir\u00e1ly Beach area!\u00a0<\/strong><\/p>\n<p>[\/et_pb_text][et_pb_text _builder_version=&#8221;4.0.10&#8243;][\/et_pb_text][\/et_pb_column][\/et_pb_row][\/et_pb_section]<\/p>","protected":false},"excerpt":{"rendered":"<p>[et_pb_section fb_built=&#8221;1&#8243; custom_padding_last_edited=&#8221;on|phone&#8221; _builder_version=&#8221;3.22&#8243; background_color=&#8221;rgba(0,0,0,0.6)&#8221; background_image=&#8221;https:\/\/parkkemping.hu\/wp-content\/uploads\/2018\/05\/park_strand_kemping.jpg&#8221; background_blend=&#8221;overlay&#8221; custom_padding=&#8221;135px|0px|135px|0px|true|false&#8221; custom_padding_tablet=&#8221;&#8221; custom_padding_phone=&#8221;25px||25px||true|false&#8221;][et_pb_row custom_padding_last_edited=&#8221;off|desktop&#8221; _builder_version=&#8221;3.25&#8243; custom_padding=&#8221;|||&#8221; custom_padding_tablet=&#8221;||20px|&#8221; custom_padding_phone=&#8221;60px|0px|20px|0px&#8221;][et_pb_column type=&#8221;4_4&#8243; _builder_version=&#8221;3.25&#8243; custom_padding=&#8221;|||&#8221; custom_padding__hover=&#8221;|||&#8221;][et_pb_text module_class=&#8221;secheader&#8221; _builder_version=&#8221;3.27.4&#8243; text_font=&#8221;||||||||&#8221; header_font=&#8221;Pacifico||||||||&#8221; header_text_align=&#8221;center&#8221; text_orientation=&#8221;center&#8221; background_layout=&#8221;dark&#8221; header_font_size_tablet=&#8221;&#8221; header_font_size_phone=&#8221;36px&#8221; header_font_size_last_edited=&#8221;on|phone&#8221;] Sir\u00e1ly Strand Strand \u00e1rak [\/et_pb_text][\/et_pb_column][\/et_pb_row][\/et_pb_section][et_pb_section fb_built=&#8221;1&#8243; module_id=&#8221;strand-arak&#8221; _builder_version=&#8221;4.0.10&#8243; background_color=&#8221;#f4f4f4&#8243; overflow-x=&#8221;visible&#8221; custom_padding=&#8221;40px|0px|54px|0px|false|false&#8221; overflow-x_tablet=&#8221;&#8221; overflow-x_phone=&#8221;&#8221; overflow-x_last_edited=&#8221;on|phone&#8221; overflow-y_tablet=&#8221;&#8221; overflow-y_phone=&#8221;visible&#8221; overflow-y_last_edited=&#8221;on|phone&#8221; saved_tabs=&#8221;all&#8221;][et_pb_row disabled_on=&#8221;off|off|off&#8221; module_id=&#8221;arak&#8221; _builder_version=&#8221;4.0.10&#8243; custom_padding=&#8221;0|0px|27px|0px|false|false&#8221; overflow-x_tablet=&#8221;&#8221; overflow-x_phone=&#8221;scroll&#8221; overflow-x_last_edited=&#8221;on|phone&#8221; overflow-y_tablet=&#8221;&#8221; [&hellip;]<\/p>","protected":false},"author":8,"featured_media":0,"parent":0,"menu_order":0,"comment_status":"closed","ping_status":"closed","template":"","meta":{"_et_pb_use_builder":"on","_et_pb_old_content":""},"yoast_head":"<!-- This site is optimized with the Yoast SEO plugin v14.4.1 - https:\/\/yoast.com\/wordpress\/plugins\/seo\/ -->\n<title>\u00c1rak - Strand | Siralystrand<\/title>\n<meta name=\"robots\" content=\"index, follow\" \/>\n<meta name=\"googlebot\" content=\"index, follow, max-snippet:-1, max-image-preview:large, max-video-preview:-1\" \/>\n<meta name=\"bingbot\" content=\"index, follow, max-snippet:-1, max-image-preview:large, max-video-preview:-1\" \/>\n<link rel=\"canonical\" href=\"https:\/\/siralystrand.hu\/en\/strand-arak\/\" \/>\n<meta property=\"og:locale\" content=\"en_GB\" \/>\n<meta property=\"og:type\" content=\"article\" \/>\n<meta property=\"og:title\" content=\"\u00c1rak - Strand | Siralystrand\" \/>\n<meta property=\"og:description\" content=\"[et_pb_section fb_built=&#8221;1&#8243; custom_padding_last_edited=&#8221;on|phone&#8221; _builder_version=&#8221;3.22&#8243; background_color=&#8221;rgba(0,0,0,0.6)&#8221; background_image=&#8221;https:\/\/parkkemping.hu\/wp-content\/uploads\/2018\/05\/park_strand_kemping.jpg&#8221; background_blend=&#8221;overlay&#8221; custom_padding=&#8221;135px|0px|135px|0px|true|false&#8221; custom_padding_tablet=&#8221;&#8221; custom_padding_phone=&#8221;25px||25px||true|false&#8221;][et_pb_row custom_padding_last_edited=&#8221;off|desktop&#8221; _builder_version=&#8221;3.25&#8243; custom_padding=&#8221;|||&#8221; custom_padding_tablet=&#8221;||20px|&#8221; custom_padding_phone=&#8221;60px|0px|20px|0px&#8221;][et_pb_column type=&#8221;4_4&#8243; _builder_version=&#8221;3.25&#8243; custom_padding=&#8221;|||&#8221; custom_padding__hover=&#8221;|||&#8221;][et_pb_text module_class=&#8221;secheader&#8221; _builder_version=&#8221;3.27.4&#8243; text_font=&#8221;||||||||&#8221; header_font=&#8221;Pacifico||||||||&#8221; header_text_align=&#8221;center&#8221; text_orientation=&#8221;center&#8221; background_layout=&#8221;dark&#8221; header_font_size_tablet=&#8221;&#8221; header_font_size_phone=&#8221;36px&#8221; header_font_size_last_edited=&#8221;on|phone&#8221;] Sir\u00e1ly Strand Strand \u00e1rak [\/et_pb_text][\/et_pb_column][\/et_pb_row][\/et_pb_section][et_pb_section fb_built=&#8221;1&#8243; module_id=&#8221;strand-arak&#8221; _builder_version=&#8221;4.0.10&#8243; background_color=&#8221;#f4f4f4&#8243; overflow-x=&#8221;visible&#8221; custom_padding=&#8221;40px|0px|54px|0px|false|false&#8221; overflow-x_tablet=&#8221;&#8221; overflow-x_phone=&#8221;&#8221; overflow-x_last_edited=&#8221;on|phone&#8221; overflow-y_tablet=&#8221;&#8221; overflow-y_phone=&#8221;visible&#8221; overflow-y_last_edited=&#8221;on|phone&#8221; saved_tabs=&#8221;all&#8221;][et_pb_row disabled_on=&#8221;off|off|off&#8221; module_id=&#8221;arak&#8221; _builder_version=&#8221;4.0.10&#8243; custom_padding=&#8221;0|0px|27px|0px|false|false&#8221; overflow-x_tablet=&#8221;&#8221; overflow-x_phone=&#8221;scroll&#8221; overflow-x_last_edited=&#8221;on|phone&#8221; overflow-y_tablet=&#8221;&#8221; [&hellip;]\" \/>\n<meta property=\"og:url\" content=\"https:\/\/siralystrand.hu\/en\/strand-arak\/\" \/>\n<meta property=\"og:site_name\" content=\"Siralystrand\" \/>\n<meta property=\"article:publisher\" content=\"https:\/\/www.facebook.com\/siralystrand\/\" \/>\n<meta property=\"article:modified_time\" content=\"2025-05-07T10:05:45+00:00\" \/>\n<meta name=\"twitter:card\" content=\"summary_large_image\" \/>\n<script type=\"application\/ld+json\" class=\"yoast-schema-graph\">{\"@context\":\"https:\/\/schema.org\",\"@graph\":[{\"@type\":\"Organization\",\"@id\":\"https:\/\/siralystrand.hu\/en\/#organization\",\"name\":\"Sir\\u00e1ly Strand \\u00e9s Kemping\",\"url\":\"https:\/\/siralystrand.hu\/en\/\",\"sameAs\":[\"https:\/\/www.facebook.com\/siralystrand\/\"],\"logo\":{\"@type\":\"ImageObject\",\"@id\":\"https:\/\/siralystrand.hu\/en\/#logo\",\"inLanguage\":\"en-GB\",\"url\":\"https:\/\/siralystrand.hu\/wp-content\/uploads\/2020\/05\/siralystrand-logo.png\",\"width\":120,\"height\":112,\"caption\":\"Sir\\u00e1ly Strand \\u00e9s Kemping\"},\"image\":{\"@id\":\"https:\/\/siralystrand.hu\/en\/#logo\"}},{\"@type\":\"WebSite\",\"@id\":\"https:\/\/siralystrand.hu\/en\/#website\",\"url\":\"https:\/\/siralystrand.hu\/en\/\",\"name\":\"Siralystrand\",\"description\":\"Kemping | Strand\",\"publisher\":{\"@id\":\"https:\/\/siralystrand.hu\/en\/#organization\"},\"potentialAction\":[{\"@type\":\"SearchAction\",\"target\":\"https:\/\/siralystrand.hu\/en\/?s={search_term_string}\",\"query-input\":\"required name=search_term_string\"}],\"inLanguage\":\"en-GB\"},{\"@type\":\"WebPage\",\"@id\":\"https:\/\/siralystrand.hu\/strand-arak\/#webpage\",\"url\":\"https:\/\/siralystrand.hu\/strand-arak\/\",\"name\":\"\\u00c1rak - Strand | Siralystrand\",\"isPartOf\":{\"@id\":\"https:\/\/siralystrand.hu\/en\/#website\"},\"datePublished\":\"2018-06-27T08:16:34+00:00\",\"dateModified\":\"2025-05-07T10:05:45+00:00\",\"inLanguage\":\"en-GB\",\"potentialAction\":[{\"@type\":\"ReadAction\",\"target\":[\"https:\/\/siralystrand.hu\/strand-arak\/\"]}]}]}<\/script>\n<!-- \/ Yoast SEO plugin. -->","_links":{"self":[{"href":"https:\/\/siralystrand.hu\/en\/wp-json\/wp\/v2\/pages\/1953"}],"collection":[{"href":"https:\/\/siralystrand.hu\/en\/wp-json\/wp\/v2\/pages"}],"about":[{"href":"https:\/\/siralystrand.hu\/en\/wp-json\/wp\/v2\/types\/page"}],"author":[{"embeddable":true,"href":"https:\/\/siralystrand.hu\/en\/wp-json\/wp\/v2\/users\/8"}],"replies":[{"embeddable":true,"href":"https:\/\/siralystrand.hu\/en\/wp-json\/wp\/v2\/comments?post=1953"}],"version-history":[{"count":27,"href":"https:\/\/siralystrand.hu\/en\/wp-json\/wp\/v2\/pages\/1953\/revisions"}],"predecessor-version":[{"id":4229,"href":"https:\/\/siralystrand.hu\/en\/wp-json\/wp\/v2\/pages\/1953\/revisions\/4229"}],"wp:attachment":[{"href":"https:\/\/siralystrand.hu\/en\/wp-json\/wp\/v2\/media?parent=1953"}],"curies":[{"name":"wp","href":"https:\/\/api.w.org\/{rel}","templated":true}]}}