{"id":20,"date":"2018-03-01T10:38:35","date_gmt":"2018-03-01T10:38:35","guid":{"rendered":"http:\/\/parkkemping.hu\/?page_id=20"},"modified":"2021-06-18T12:24:12","modified_gmt":"2021-06-18T10:24:12","slug":"fahazak-apartmanok","status":"publish","type":"page","link":"https:\/\/siralystrand.hu\/en\/fahazak-apartmanok\/","title":{"rendered":"Fah\u00e1zak Apartmanok Velencei-t\u00f3"},"content":{"rendered":"<p>[et_pb_section fb_built=&#8221;1&#8243; custom_padding_last_edited=&#8221;on|tablet&#8221; admin_label=&#8221;Header&#8221; _builder_version=&#8221;4.0.10&#8243; background_color=&#8221;rgba(0,0,0,0.6)&#8221; background_image=&#8221;https:\/\/siralystrand.hu\/wp-content\/uploads\/2020\/05\/IMG_4953-scaled-e1590584108123.jpeg&#8221; background_blend=&#8221;overlay&#8221; custom_padding=&#8221;135px|0px|135px|0px|true&#8221; custom_padding_tablet=&#8221;50px||50px||true&#8221; custom_padding_phone=&#8221;&#8221;][et_pb_row custom_padding_last_edited=&#8221;off|desktop&#8221; admin_label=&#8221;row&#8221; _builder_version=&#8221;3.25&#8243; background_position=&#8221;bottom_center&#8221; custom_padding=&#8221;|||&#8221; custom_padding_phone=&#8221;50px|0px|50px|0px&#8221;][et_pb_column type=&#8221;4_4&#8243; _builder_version=&#8221;3.25&#8243; custom_padding=&#8221;|||&#8221; custom_padding__hover=&#8221;|||&#8221;][et_pb_text admin_label=&#8221;Text&#8221; module_class=&#8221;secheader&#8221; _builder_version=&#8221;4.0.10&#8243; text_font=&#8221;||||||||&#8221; header_font=&#8221;Pacifico||||||||&#8221; header_text_color=&#8221;#ffffff&#8221; header_font_size_tablet=&#8221;&#8221; header_font_size_phone=&#8221;36px&#8221; header_font_size_last_edited=&#8221;on|phone&#8221;]<\/p>\n<h1 style=\"text-align: center;\">Fah\u00e1zak \u00e9s Apartmanok Velencei-t\u00f3 Sir\u00e1ly Kemping<\/h1>\n<p>[\/et_pb_text][\/et_pb_column][\/et_pb_row][\/et_pb_section][et_pb_section fb_built=&#8221;1&#8243; module_id=&#8221;partihostel&#8221; _builder_version=&#8221;3.22&#8243;][et_pb_row _builder_version=&#8221;4.0.10&#8243;][et_pb_column type=&#8221;4_4&#8243; _builder_version=&#8221;4.0.10&#8243;][et_pb_text _builder_version=&#8221;4.0.10&#8243;]<\/p>\n<p style=\"text-align: center;\">Fah\u00e1zak \u00a0Apartmanok a Velencei-t\u00f3 partj\u00e1n a G\u00e1rdonyi vas\u00fat\u00e1llom\u00e1s mellett. K\u00e9nyelmes tiszta sz\u00e1ll\u00e1shelyek, ahol mindenki megtal\u00e1lja a kedv\u00e9re val\u00f3 kikapcsol\u00f3d\u00e1si lehet\u0151s\u00e9get a Sir\u00e1ly Kempingben vagy a Sir\u00e1ly Strandon. Sz\u00e1ll\u00e1sokat \u00a0\u00e9jjel nappal ellehet foglalni, mivel 20-\u00f3ra ut\u00e1n \u00e9jjeli\u0151r kapu\u00fcgyelet van.<\/p>\n<p style=\"text-align: center;\">Sz\u00e1ll\u00e1sfoglal\u00e1s: tel.: +36 70 455 2090,<span>\u00a0<\/span>e-mail: <a href=\"mailto:siralycamping@gvu.hu\">siralycamping@gvu.hu<\/a><\/p>\n<p>[\/et_pb_text][\/et_pb_column][\/et_pb_row][et_pb_row column_structure=&#8221;1_2,1_2&#8243; use_custom_gutter=&#8221;on&#8221; make_equal=&#8221;on&#8221; custom_padding_last_edited=&#8221;off|desktop&#8221; module_id=&#8221;lakokocsi-mobilhaz&#8221; module_class=&#8221; et_pb_row_fullwidth&#8221; _builder_version=&#8221;3.25&#8243; width=&#8221;94%&#8221; width_tablet=&#8221;80%&#8221; width_phone=&#8221;&#8221; width_last_edited=&#8221;on|desktop&#8221; max_width=&#8221;94%&#8221; max_width_tablet=&#8221;80%&#8221; max_width_phone=&#8221;&#8221; max_width_last_edited=&#8221;on|desktop&#8221; custom_margin=&#8221;|||&#8221; custom_padding=&#8221;|||&#8221; custom_padding_tablet=&#8221;|||&#8221; make_fullwidth=&#8221;on&#8221;][et_pb_column type=&#8221;1_2&#8243; _builder_version=&#8221;3.25&#8243; custom_padding=&#8221;|||&#8221; custom_padding__hover=&#8221;|||&#8221;][et_pb_text disabled_on=&#8221;off|off|off&#8221; module_id=&#8221;velenceito&#8221; _builder_version=&#8221;4.0.10&#8243; header_font=&#8221;PT Sans|700|||||||&#8221; header_text_align=&#8221;center&#8221; header_text_color=&#8221;#231f20&#8243; custom_margin=&#8221;|||&#8221; custom_margin_phone=&#8221;|30px||30px&#8221; custom_margin_last_edited=&#8221;off|desktop&#8221; custom_padding=&#8221;|||&#8221;]<\/p>\n<h3>\u00a0Fah\u00e1zak Velencei-t\u00f3<\/h3>\n<p>Fah\u00e1zak a Velencei-t\u00f3 Sir\u00e1ly Kemping keleti v\u00e9g\u00e9ben tal\u00e1lhat\u00f3k. Az itt tal\u00e1lhat\u00f3 5 db fah\u00e1z kett\u00e9 osztva 10 lakr\u00e9sszel \u00e9s 20 f\u00e9r\u0151hellyel rendelkezik. A fah\u00e1zak k\u00f6zvetlen\u00fcl a Sir\u00e1ly Kemping vizesblokkja mellett helyezkednek el, ahol \u00e9jjel nappal meleg v\u00edz \u00e1ll rendelkez\u00e9sre. A fah\u00e1zak 2 szem\u00e9lyes \u00e1ggyal \u00e9jjeliszekr\u00e9nnyel vil\u00e1git\u00e1ssal, konnektorral felszereltek. Vend\u00e9geink aut\u00f3ikkal k\u00f6zvetlen\u00fcl a h\u00e1zak mellet is parkolhatnak. A fah\u00e1zak k\u00f6zel\u00e9ben tal\u00e1lhat\u00f3 a <span style=\"text-decoration: underline;\"><a href=\"https:\/\/www.facebook.com\/kockabufe\/\">Kockab\u00fcf\u00e9<\/a><\/span>, ahol ak\u00e1r reggeli, eb\u00e9d vagy vacsora is elfogyaszthat\u00f3.<\/p>\n<p><span style=\"color: #bf0000;\">A FAH\u00c1ZAKON bel\u00fcl TILOS A DOH\u00c1NYZ\u00c1S!<\/span><\/p>\n<p>\u00c1rakr\u00f3l t\u00e1j\u00e9kozodjon a\u00a0<span style=\"text-decoration: underline;\"><a href=\"https:\/\/siralystrand.hu\/en\/fahaz-apartman-arak\/\">https:\/\/siralystrand.hu\/fahaz-apartman-arak\/<\/a><\/span><span style=\"color: #bf0000;\"><\/span><\/p>\n<p>&nbsp;<\/p>\n<p>[\/et_pb_text][\/et_pb_column][et_pb_column type=&#8221;1_2&#8243; _builder_version=&#8221;3.25&#8243; custom_padding=&#8221;|||&#8221; custom_padding__hover=&#8221;|||&#8221;][et_pb_gallery gallery_ids=&#8221;3560,3563,3559,3561,3562&#8243; fullwidth=&#8221;on&#8221; module_id=&#8221;Sir\u00e1ly Kemping Fah\u00e1z&#8221; _builder_version=&#8221;4.0.10&#8243; background_layout=&#8221;dark&#8221; custom_margin=&#8221;|||&#8221; custom_padding=&#8221;|||&#8221; animation_style=&#8221;zoom&#8221; animation_delay=&#8221;450ms&#8221; border_radii=&#8221;on|5px|5px|5px|5px&#8221; box_shadow_style=&#8221;preset1&#8243;][\/et_pb_gallery][\/et_pb_column][\/et_pb_row][\/et_pb_section][et_pb_section fb_built=&#8221;1&#8243; module_id=&#8221;velencehostel&#8221; _builder_version=&#8221;3.22&#8243; custom_padding=&#8221;10px|||||&#8221;][et_pb_row column_structure=&#8221;1_2,1_2&#8243; use_custom_gutter=&#8221;on&#8221; make_equal=&#8221;on&#8221; custom_padding_last_edited=&#8221;off|desktop&#8221; module_id=&#8221;lakokocsi-mobilhaz&#8221; module_class=&#8221; et_pb_row_fullwidth&#8221; _builder_version=&#8221;3.25&#8243; width=&#8221;94%&#8221; width_tablet=&#8221;80%&#8221; width_phone=&#8221;&#8221; width_last_edited=&#8221;on|desktop&#8221; max_width=&#8221;94%&#8221; max_width_tablet=&#8221;80%&#8221; max_width_phone=&#8221;&#8221; max_width_last_edited=&#8221;on|desktop&#8221; custom_margin=&#8221;|auto|12px|auto||&#8221; custom_padding=&#8221;||0px|||&#8221; custom_padding_tablet=&#8221;|||&#8221; make_fullwidth=&#8221;on&#8221;][et_pb_column type=&#8221;1_2&#8243; _builder_version=&#8221;3.25&#8243; custom_padding=&#8221;|||&#8221; custom_padding__hover=&#8221;|||&#8221;][et_pb_text disabled_on=&#8221;off|off|off&#8221; module_id=&#8221;velenceito&#8221; _builder_version=&#8221;4.0.10&#8243; header_font=&#8221;PT Sans|700|||||||&#8221; header_text_align=&#8221;center&#8221; header_text_color=&#8221;#231f20&#8243; custom_margin=&#8221;|||&#8221; custom_margin_phone=&#8221;|30px||30px&#8221; custom_margin_last_edited=&#8221;off|desktop&#8221; custom_padding=&#8221;||0px|||&#8221;]<\/p>\n<h3>Apartmanok Velencei-t\u00f3<\/h3>\n<h4><span style=\"font-size: 16px;\">\u00a0<\/span><strong style=\"font-size: 16px; color: #333333; font-family: 'Open Sans Condensed', Helvetica, Arial, Lucida, sans-serif; text-transform: uppercase;\">KEMPING APARTMANOK\u00a0<\/strong><\/h4>\n<p><span style=\"font-size: 16px;\">\u00a0<\/span><span style=\"font-size: 16px;\">Apartmanok Velencei-t\u00f3 Sir\u00e1ly Kemping keleti v\u00e9g\u00e9ben a fah\u00e1zak szomsz\u00e9ds\u00e1g\u00e1ban tal\u00e1lhat\u00f3k.\u00a0 A 2 \u00faj apartman\u00e9p\u00fclet, 4-4 f\u0151 elhelyez\u00e9s\u00e9t teszi lehet\u0151v\u00e9 egy id\u0151ben. A sz\u00e1ll\u00e1s h\u0151szigetelt, \u00edgy a nagy ny\u00e1ri melegben is elviselhet\u0151 k\u00e9nyelmet ny\u00fajt a kikapcsol\u00f3dni v\u00e1gyoknak. Az apartmanokon bel\u00fcl saj\u00e1t konyha, h\u0171t\u0151szekr\u00e9ny, zuhanyz\u00f3 \u00e9s WC tal\u00e1lhat\u00f3. Vend\u00e9geink aut\u00f3ikkal k\u00f6zvetlen\u00fcl a h\u00e1zak mellet is parkolhatnak.<\/span><\/p>\n<p>&nbsp;<\/p>\n<p><span style=\"color: #b20500;\">APARTMANOKON bel\u00fcl TILOS A DOH\u00c1NYZ\u00c1S!<\/span><\/p>\n<p><span style=\"color: #b20500;\"><\/span><\/p>\n<p><span style=\"color: #b20500;\"><span style=\"color: #000000;\">\u00c1rakr\u00f3l t\u00e1j\u00e9kozodjon a<\/span>\u00a0<span style=\"text-decoration: underline;\"><a href=\"https:\/\/siralystrand.hu\/en\/fahaz-apartman-arak\/\">https:\/\/siralystrand.hu\/fahaz-apartman-arak\/<\/a><\/span><\/span><\/p>\n<p>&nbsp;<\/p>\n<p>&nbsp;<\/p>\n<p>\u00a0<span style=\"font-size: 16px;\">\u00a0<\/span><\/p>\n<p>&nbsp;<\/p>\n<p>&nbsp;<\/p>\n<p>&nbsp;<\/p>\n<p>[\/et_pb_text][\/et_pb_column][et_pb_column type=&#8221;1_2&#8243; _builder_version=&#8221;3.25&#8243; custom_padding=&#8221;|||&#8221; custom_padding__hover=&#8221;|||&#8221;][et_pb_gallery gallery_ids=&#8221;3572,3573,3571,3570,3569&#8243; fullwidth=&#8221;on&#8221; module_id=&#8221;Sir\u00e1ly Kemping Apartman&#8221; _builder_version=&#8221;4.0.10&#8243; background_layout=&#8221;dark&#8221; custom_margin=&#8221;||-310px|||&#8221; custom_padding=&#8221;|||&#8221; animation_style=&#8221;zoom&#8221; border_radii=&#8221;on|5px|5px|5px|5px&#8221; box_shadow_style=&#8221;preset1&#8243;][\/et_pb_gallery][\/et_pb_column][\/et_pb_row][et_pb_row column_structure=&#8221;1_2,1_2&#8243; use_custom_gutter=&#8221;on&#8221; make_equal=&#8221;on&#8221; custom_padding_last_edited=&#8221;off|desktop&#8221; module_id=&#8221;lakokocsi-mobilhaz&#8221; module_class=&#8221; et_pb_row_fullwidth&#8221; _builder_version=&#8221;3.25&#8243; width=&#8221;94%&#8221; width_tablet=&#8221;80%&#8221; width_phone=&#8221;&#8221; width_last_edited=&#8221;on|desktop&#8221; max_width=&#8221;94%&#8221; max_width_tablet=&#8221;80%&#8221; max_width_phone=&#8221;&#8221; max_width_last_edited=&#8221;on|desktop&#8221; min_height=&#8221;301px&#8221; custom_margin=&#8221;|||&#8221; custom_padding=&#8221;|||&#8221; custom_padding_tablet=&#8221;|||&#8221; make_fullwidth=&#8221;on&#8221;][et_pb_column type=&#8221;1_2&#8243; _builder_version=&#8221;3.25&#8243; custom_padding=&#8221;|||&#8221; custom_padding__hover=&#8221;|||&#8221;][et_pb_text disabled_on=&#8221;off|off|off&#8221; module_id=&#8221;velenceito&#8221; _builder_version=&#8221;4.0.10&#8243; header_font=&#8221;PT Sans|700|||||||&#8221; header_text_align=&#8221;center&#8221; header_text_color=&#8221;#231f20&#8243; custom_margin=&#8221;|||&#8221; custom_margin_phone=&#8221;|30px||30px&#8221; custom_margin_last_edited=&#8221;off|desktop&#8221; custom_padding=&#8221;||70px|||&#8221;]<\/p>\n<h4>STRAND APARTMANOK<\/h4>\n<p>&nbsp;<\/p>\n<p>Apartmanok Velencei-t\u00f3 G\u00e1rdony telep\u00fcl\u00e9sen Sir\u00e1ly Strand f\u0151 bej\u00e1rati \u00e9p\u00fclete felett tal\u00e1lhat\u00f3k. <span>\u00a0The\u00a0<\/span>2 apartman, 4-4 f\u0151 k\u00e9nyelmes elhelyez\u00e9s\u00e9t teszi lehet\u0151v\u00e9. Az apartmanokban h\u0171t\u0151szekr\u00e9ny, saj\u00e1t zuhanyz\u00f3 \u00e9s WC tal\u00e1lhat\u00f3.<\/p>\n<p>&nbsp;<\/p>\n<p><span style=\"color: #ea0046;\">APARTMANOKON bel\u00fcl TILOS A DOH\u00c1NYZ\u00c1S!<\/span><\/p>\n<p>&nbsp;<\/p>\n<p><span style=\"font-size: 16px;\">\u00c1rakr\u00f3l t\u00e1j\u00e9kozodjon a<\/span><span style=\"font-size: 16px;\">\u00a0<\/span><a href=\"https:\/\/siralystrand.hu\/en\/fahaz-apartman-arak\/\" style=\"font-size: 16px;\">https:\/\/siralystrand.hu\/fahaz-apartman-arak\/<\/a><br \/><span><\/span><\/p>\n<p>&nbsp;<\/p>\n<p>[\/et_pb_text][\/et_pb_column][et_pb_column type=&#8221;1_2&#8243; _builder_version=&#8221;3.25&#8243; custom_padding=&#8221;|||&#8221; custom_padding__hover=&#8221;|||&#8221;][et_pb_gallery gallery_ids=&#8221;3581,3582,3583,3584,3585&#8243; fullwidth=&#8221;on&#8221; admin_label=&#8221;Sir\u00e1ly strand Apartman&#8221; module_id=&#8221;Sir\u00e1ly strand Apartman&#8221; _builder_version=&#8221;4.0.10&#8243; background_layout=&#8221;dark&#8221; min_height=&#8221;282px&#8221; custom_margin=&#8221;|||&#8221; custom_padding=&#8221;1px|||||&#8221; animation_style=&#8221;zoom&#8221; border_radii=&#8221;on|5px|5px|5px|5px&#8221; box_shadow_style=&#8221;preset1&#8243;][\/et_pb_gallery][\/et_pb_column][\/et_pb_row][et_pb_row column_structure=&#8221;1_3,1_3,1_3&#8243; _builder_version=&#8221;4.0.10&#8243;][et_pb_column type=&#8221;1_3&#8243; _builder_version=&#8221;4.0.10&#8243;][et_pb_button button_url=&#8221;https:\/\/siralystrand.hu\/fahaz-apartman-arak\/&#8221; button_text=&#8221;Fah\u00e1z Apartman \u00c1rak&#8221; _builder_version=&#8221;4.0.10&#8243; animation_style=&#8221;zoom&#8221; box_shadow_style=&#8221;preset1&#8243;][\/et_pb_button][\/et_pb_column][et_pb_column type=&#8221;1_3&#8243; _builder_version=&#8221;4.0.10&#8243;][et_pb_button button_url=&#8221;https:\/\/www.facebook.com\/siralystrand\/&#8221; url_new_window=&#8221;on&#8221; button_text=&#8221;Facebook&#8221; _builder_version=&#8221;4.0.10&#8243; custom_button=&#8221;on&#8221; button_text_color=&#8221;#406fdd&#8221; button_icon=&#8221;%%314%%&#8221; animation_style=&#8221;roll&#8221; animation_delay=&#8221;100ms&#8221; box_shadow_style=&#8221;preset1&#8243;][\/et_pb_button][\/et_pb_column][et_pb_column type=&#8221;1_3&#8243; _builder_version=&#8221;4.0.10&#8243;][et_pb_button button_url=&#8221;https:\/\/siralystrand.hu\/strand\/&#8221; button_text=&#8221;Strand&#8221; _builder_version=&#8221;4.0.10&#8243; animation_style=&#8221;zoom&#8221; box_shadow_style=&#8221;preset1&#8243;][\/et_pb_button][\/et_pb_column][\/et_pb_row][\/et_pb_section]<\/p>","protected":false},"excerpt":{"rendered":"<p>[et_pb_section fb_built=&#8221;1&#8243; custom_padding_last_edited=&#8221;on|tablet&#8221; admin_label=&#8221;Header&#8221; _builder_version=&#8221;4.0.10&#8243; background_color=&#8221;rgba(0,0,0,0.6)&#8221; background_image=&#8221;https:\/\/siralystrand.hu\/wp-content\/uploads\/2020\/05\/IMG_4953-scaled-e1590584108123.jpeg&#8221; background_blend=&#8221;overlay&#8221; custom_padding=&#8221;135px|0px|135px|0px|true&#8221; custom_padding_tablet=&#8221;50px||50px||true&#8221; custom_padding_phone=&#8221;&#8221;][et_pb_row custom_padding_last_edited=&#8221;off|desktop&#8221; admin_label=&#8221;row&#8221; _builder_version=&#8221;3.25&#8243; background_position=&#8221;bottom_center&#8221; custom_padding=&#8221;|||&#8221; custom_padding_phone=&#8221;50px|0px|50px|0px&#8221;][et_pb_column type=&#8221;4_4&#8243; _builder_version=&#8221;3.25&#8243; custom_padding=&#8221;|||&#8221; custom_padding__hover=&#8221;|||&#8221;][et_pb_text admin_label=&#8221;Text&#8221; module_class=&#8221;secheader&#8221; _builder_version=&#8221;4.0.10&#8243; text_font=&#8221;||||||||&#8221; header_font=&#8221;Pacifico||||||||&#8221; header_text_color=&#8221;#ffffff&#8221; header_font_size_tablet=&#8221;&#8221; header_font_size_phone=&#8221;36px&#8221; header_font_size_last_edited=&#8221;on|phone&#8221;] Fah\u00e1zak \u00e9s Apartmanok Velencei-t\u00f3 Sir\u00e1ly Kemping [\/et_pb_text][\/et_pb_column][\/et_pb_row][\/et_pb_section][et_pb_section fb_built=&#8221;1&#8243; module_id=&#8221;partihostel&#8221; _builder_version=&#8221;3.22&#8243;][et_pb_row _builder_version=&#8221;4.0.10&#8243;][et_pb_column type=&#8221;4_4&#8243; _builder_version=&#8221;4.0.10&#8243;][et_pb_text _builder_version=&#8221;4.0.10&#8243;] Fah\u00e1zak \u00a0Apartmanok a Velencei-t\u00f3 partj\u00e1n a G\u00e1rdonyi vas\u00fat\u00e1llom\u00e1s mellett. K\u00e9nyelmes tiszta [&hellip;]<\/p>","protected":false},"author":8,"featured_media":3556,"parent":0,"menu_order":0,"comment_status":"closed","ping_status":"closed","template":"","meta":{"_et_pb_use_builder":"on","_et_pb_old_content":""},"yoast_head":"<!-- This site is optimized with the Yoast SEO plugin v14.4.1 - https:\/\/yoast.com\/wordpress\/plugins\/seo\/ -->\n<title>Fah\u00e1zak Apartmanok Velencei-t\u00f3 | Sir\u00e1ly Strand \u00e9s Kemping<\/title>\n<meta name=\"description\" content=\"Fah\u00e1zak, Apartmanok a Velencei-t\u00f3 partj\u00e1n G\u00e1rdony telep\u00fcl\u00e9sen. A vasut\u00e1lom\u00e1st\u00f3l 1 percre tal\u00e1lhat\u00f3 Sir\u00e1ly Strand \u00e9s Kemping ter\u00fclet\u00e9n.\" \/>\n<meta name=\"robots\" content=\"index, follow\" \/>\n<meta name=\"googlebot\" content=\"index, follow, max-snippet:-1, max-image-preview:large, max-video-preview:-1\" \/>\n<meta name=\"bingbot\" content=\"index, follow, max-snippet:-1, max-image-preview:large, max-video-preview:-1\" \/>\n<link rel=\"canonical\" href=\"https:\/\/siralystrand.hu\/en\/fahazak-apartmanok\/\" \/>\n<meta property=\"og:locale\" content=\"en_GB\" \/>\n<meta property=\"og:type\" content=\"article\" \/>\n<meta property=\"og:title\" content=\"Fah\u00e1zak Apartmanok Velencei-t\u00f3 | Sir\u00e1ly Strand \u00e9s Kemping\" \/>\n<meta property=\"og:description\" content=\"Fah\u00e1zak, Apartmanok a Velencei-t\u00f3 partj\u00e1n G\u00e1rdony telep\u00fcl\u00e9sen. A vasut\u00e1lom\u00e1st\u00f3l 1 percre tal\u00e1lhat\u00f3 Sir\u00e1ly Strand \u00e9s Kemping ter\u00fclet\u00e9n.\" \/>\n<meta property=\"og:url\" content=\"https:\/\/siralystrand.hu\/en\/fahazak-apartmanok\/\" \/>\n<meta property=\"og:site_name\" content=\"Siralystrand\" \/>\n<meta property=\"article:publisher\" content=\"https:\/\/www.facebook.com\/siralystrand\/\" \/>\n<meta property=\"article:modified_time\" content=\"2021-06-18T10:24:12+00:00\" \/>\n<meta name=\"twitter:card\" content=\"summary_large_image\" \/>\n<meta name=\"twitter:image\" content=\"https:\/\/parkkemping.hu\/wp-content\/uploads\/2018\/04\/K\u00f6z\u00f6ss\u00e9gi-t\u00e9r.jpg\" \/>\n<script type=\"application\/ld+json\" class=\"yoast-schema-graph\">{\"@context\":\"https:\/\/schema.org\",\"@graph\":[{\"@type\":\"Organization\",\"@id\":\"https:\/\/siralystrand.hu\/en\/#organization\",\"name\":\"Sir\\u00e1ly Strand \\u00e9s Kemping\",\"url\":\"https:\/\/siralystrand.hu\/en\/\",\"sameAs\":[\"https:\/\/www.facebook.com\/siralystrand\/\"],\"logo\":{\"@type\":\"ImageObject\",\"@id\":\"https:\/\/siralystrand.hu\/en\/#logo\",\"inLanguage\":\"en-GB\",\"url\":\"https:\/\/siralystrand.hu\/wp-content\/uploads\/2020\/05\/siralystrand-logo.png\",\"width\":120,\"height\":112,\"caption\":\"Sir\\u00e1ly Strand \\u00e9s Kemping\"},\"image\":{\"@id\":\"https:\/\/siralystrand.hu\/en\/#logo\"}},{\"@type\":\"WebSite\",\"@id\":\"https:\/\/siralystrand.hu\/en\/#website\",\"url\":\"https:\/\/siralystrand.hu\/en\/\",\"name\":\"Siralystrand\",\"description\":\"Kemping | Strand\",\"publisher\":{\"@id\":\"https:\/\/siralystrand.hu\/en\/#organization\"},\"potentialAction\":[{\"@type\":\"SearchAction\",\"target\":\"https:\/\/siralystrand.hu\/en\/?s={search_term_string}\",\"query-input\":\"required name=search_term_string\"}],\"inLanguage\":\"en-GB\"},{\"@type\":\"ImageObject\",\"@id\":\"https:\/\/siralystrand.hu\/fahazak-apartmanok\/#primaryimage\",\"inLanguage\":\"en-GB\",\"url\":\"https:\/\/siralystrand.hu\/wp-content\/uploads\/2020\/05\/IMG_4953-scaled-e1590584108123.jpeg\",\"width\":2560,\"height\":1920,\"caption\":\"Sir\\u00e1ly Kemping fah\\u00e1zak apartmanok\"},{\"@type\":\"WebPage\",\"@id\":\"https:\/\/siralystrand.hu\/fahazak-apartmanok\/#webpage\",\"url\":\"https:\/\/siralystrand.hu\/fahazak-apartmanok\/\",\"name\":\"Fah\\u00e1zak Apartmanok Velencei-t\\u00f3 | Sir\\u00e1ly Strand \\u00e9s Kemping\",\"isPartOf\":{\"@id\":\"https:\/\/siralystrand.hu\/en\/#website\"},\"primaryImageOfPage\":{\"@id\":\"https:\/\/siralystrand.hu\/fahazak-apartmanok\/#primaryimage\"},\"datePublished\":\"2018-03-01T10:38:35+00:00\",\"dateModified\":\"2021-06-18T10:24:12+00:00\",\"description\":\"Fah\\u00e1zak, Apartmanok a Velencei-t\\u00f3 partj\\u00e1n G\\u00e1rdony telep\\u00fcl\\u00e9sen. A vasut\\u00e1lom\\u00e1st\\u00f3l 1 percre tal\\u00e1lhat\\u00f3 Sir\\u00e1ly Strand \\u00e9s Kemping ter\\u00fclet\\u00e9n.\",\"inLanguage\":\"en-GB\",\"potentialAction\":[{\"@type\":\"ReadAction\",\"target\":[\"https:\/\/siralystrand.hu\/fahazak-apartmanok\/\"]}]}]}<\/script>\n<!-- \/ Yoast SEO plugin. -->","_links":{"self":[{"href":"https:\/\/siralystrand.hu\/en\/wp-json\/wp\/v2\/pages\/20"}],"collection":[{"href":"https:\/\/siralystrand.hu\/en\/wp-json\/wp\/v2\/pages"}],"about":[{"href":"https:\/\/siralystrand.hu\/en\/wp-json\/wp\/v2\/types\/page"}],"author":[{"embeddable":true,"href":"https:\/\/siralystrand.hu\/en\/wp-json\/wp\/v2\/users\/8"}],"replies":[{"embeddable":true,"href":"https:\/\/siralystrand.hu\/en\/wp-json\/wp\/v2\/comments?post=20"}],"version-history":[{"count":114,"href":"https:\/\/siralystrand.hu\/en\/wp-json\/wp\/v2\/pages\/20\/revisions"}],"predecessor-version":[{"id":4166,"href":"https:\/\/siralystrand.hu\/en\/wp-json\/wp\/v2\/pages\/20\/revisions\/4166"}],"wp:featuredmedia":[{"embeddable":true,"href":"https:\/\/siralystrand.hu\/en\/wp-json\/wp\/v2\/media\/3556"}],"wp:attachment":[{"href":"https:\/\/siralystrand.hu\/en\/wp-json\/wp\/v2\/media?parent=20"}],"curies":[{"name":"wp","href":"https:\/\/api.w.org\/{rel}","templated":true}]}}