{"id":3969,"date":"2020-06-24T01:42:36","date_gmt":"2020-06-23T23:42:36","guid":{"rendered":"https:\/\/siralystrand.hu\/?page_id=3969"},"modified":"2021-06-21T10:31:24","modified_gmt":"2021-06-21T08:31:24","slug":"galeria","status":"publish","type":"page","link":"https:\/\/siralystrand.hu\/en\/galeria\/","title":{"rendered":"Gallery"},"content":{"rendered":"[et_pb_section admin_label=&#8221;section&#8221;]\n\t\t[et_pb_row admin_label=&#8221;row&#8221;]\n\t\t\t[et_pb_column type=&#8221;4_4&#8243;][et_pb_text admin_label=&#8221;Text&#8221;]\n<style>#jtg-3962 .modula-item { border: 2px solid #209600; }#jtg-3962 .modula-item { border-radius: 14px; }#jtg-3962 .modula-item { box-shadow: #2f932d 0px 0px 4px; }#jtg-3962 .modula-item .jtg-social a, .lightbox-socials.jtg-social a{ color: #ffffff }#jtg-3962 .modula-item .jtg-social svg, .lightbox-socials.jtg-social svg { height: 16px; width: 16px }#jtg-3962 .modula-item .jtg-social a:not(:last-child), .lightbox-socials.jtg-social a:not(:last-child) { margin-right: 10px }#jtg-3962 .modula-item .caption { background-color: #ffffff;  }#jtg-3962 .modula-item .figc {color:#ffffff;}#jtg-3962 .modula-item .modula-item-content { transform: scale(1) }#jtg-3962 .modula-items .figc p.description { font-size:14px; }#jtg-3962 .modula-items .figc p.description { color:#ffffff;}#jtg-3962 .modula-items .figc .jtg-title { color:#ffffff; }#jtg-3962 .modula-item > .modula-item-content > a { cursor:zoom-in; } @media screen and (max-width:480px){#jtg-3962 .modula-item .figc .jtg-title {  font-size: 12px; }#jtg-3962 .modula-items .figc p.description { color:#ffffff;font-size:15px; }}<\/style>\n<!-- Gallery Container -->\n<div  id=\"jtg-3962\" class=\"modula modula-gallery modula-custom-grid\" data-config=\"{&quot;height&quot;:800,&quot;enableTwitter&quot;:true,&quot;enableWhatsapp&quot;:true,&quot;enableFacebook&quot;:true,&quot;enablePinterest&quot;:true,&quot;enableLinkedin&quot;:true,&quot;randomFactor&quot;:0.5,&quot;type&quot;:&quot;custom-grid&quot;,&quot;columns&quot;:12,&quot;gutter&quot;:2,&quot;enableResponsive&quot;:&quot;0&quot;,&quot;tabletColumns&quot;:&quot;2&quot;,&quot;mobileColumns&quot;:&quot;1&quot;,&quot;lazyLoad&quot;:&quot;0&quot;,&quot;lightboxOpts&quot;:{&quot;loop&quot;:false,&quot;arrows&quot;:false,&quot;toolbar&quot;:true,&quot;keyboard&quot;:false,&quot;wheel&quot;:false,&quot;buttons&quot;:[&quot;close&quot;],&quot;hash&quot;:false,&quot;lang&quot;:&quot;en&quot;,&quot;touch&quot;:false,&quot;protect&quot;:false,&quot;i18n&quot;:{&quot;en&quot;:{&quot;CLOSE&quot;:&quot;Close&quot;,&quot;NEXT&quot;:&quot;Next&quot;,&quot;PREV&quot;:&quot;Previous&quot;,&quot;Error&quot;:&quot;The requested content cannot be loaded. Please try again later.&quot;,&quot;PLAY_START&quot;:&quot;Start slideshow&quot;,&quot;PLAY_STOP&quot;:&quot;Pause slideshow&quot;,&quot;FULL_SCREEN&quot;:&quot;Full screen&quot;,&quot;THUMBS&quot;:&quot;Thumbnails&quot;,&quot;DOWNLOAD&quot;:&quot;Download&quot;,&quot;SHARE&quot;:&quot;Share&quot;,&quot;ZOOM&quot;:&quot;Zoom&quot;}},&quot;clickSlide&quot;:false,&quot;clickOutside&quot;:false,&quot;dblclickContent&quot;:false,&quot;dblclickSlide&quot;:false,&quot;dblclickOutside&quot;:false,&quot;clickContent&quot;:false},&quot;inView&quot;:false,&quot;lightbox&quot;:&quot;fancybox&quot;}\">\n\n\t\n\t<!-- Items Container -->\n\t<div  class=\"modula-items\">\n\t\t<div class=\"modula-item effect-pufrobo\" data-width=\"2\" data-height=\"2\" >\n\t<div class=\"modula-item-overlay\"><\/div>\n\n\t<div class=\"modula-item-content\">\n\n\t\t\t\t\n\t\t\t\t\t<a href=\"https:\/\/siralystrand.hu\/wp-content\/uploads\/2021\/06\/homokos_3-scaled.jpg\" rel=\"jtg-3962\" data-caption=\"\" class=\"tile-inner modula-item-link\"><\/a>\n\t\t\n\t\t\n\t\t<img class='pic' data-valign=\"middle\" data-halign=\"center\" alt=\"\" src=\"https:\/\/siralystrand.hu\/wp-content\/uploads\/2021\/06\/homokos_3-scaled.jpg\" data-src=\"https:\/\/siralystrand.hu\/wp-content\/uploads\/2021\/06\/homokos_3-scaled.jpg\"\/>\n\n\t\t\n\t\t<div class=\"figc no-description\">\n\t\t\t<div class=\"figc-inner\">\n\t\t\t\t\t\t\t\t\t\t\t\t\t\t\t<\/div>\n\t\t<\/div>\n\n\t<\/div>\n\n<\/div><div class=\"modula-item effect-pufrobo\" data-width=\"2\" data-height=\"2\" >\n\t<div class=\"modula-item-overlay\"><\/div>\n\n\t<div class=\"modula-item-content\">\n\n\t\t\t\t\n\t\t\t\t\t<a href=\"https:\/\/siralystrand.hu\/wp-content\/uploads\/2021\/06\/homokos_4-scaled.jpg\" rel=\"jtg-3962\" data-caption=\"\" class=\"tile-inner modula-item-link\"><\/a>\n\t\t\n\t\t\n\t\t<img class='pic' data-valign=\"middle\" data-halign=\"center\" alt=\"\" src=\"https:\/\/siralystrand.hu\/wp-content\/uploads\/2021\/06\/homokos_4-scaled.jpg\" data-src=\"https:\/\/siralystrand.hu\/wp-content\/uploads\/2021\/06\/homokos_4-scaled.jpg\"\/>\n\n\t\t\n\t\t<div class=\"figc no-description\">\n\t\t\t<div class=\"figc-inner\">\n\t\t\t\t\t\t\t\t\t\t\t\t\t\t\t<\/div>\n\t\t<\/div>\n\n\t<\/div>\n\n<\/div><div class=\"modula-item effect-pufrobo\" data-width=\"2\" data-height=\"2\" >\n\t<div class=\"modula-item-overlay\"><\/div>\n\n\t<div class=\"modula-item-content\">\n\n\t\t\t\t\n\t\t\t\t\t<a href=\"https:\/\/siralystrand.hu\/wp-content\/uploads\/2021\/06\/vizi_sportpalya_1-scaled.jpg\" rel=\"jtg-3962\" data-caption=\"\" class=\"tile-inner modula-item-link\"><\/a>\n\t\t\n\t\t\n\t\t<img class='pic' data-valign=\"middle\" data-halign=\"center\" alt=\"\" src=\"https:\/\/siralystrand.hu\/wp-content\/uploads\/2021\/06\/vizi_sportpalya_1-scaled.jpg\" data-src=\"https:\/\/siralystrand.hu\/wp-content\/uploads\/2021\/06\/vizi_sportpalya_1-scaled.jpg\"\/>\n\n\t\t\n\t\t<div class=\"figc no-description\">\n\t\t\t<div class=\"figc-inner\">\n\t\t\t\t\t\t\t\t\t\t\t\t\t\t\t<\/div>\n\t\t<\/div>\n\n\t<\/div>\n\n<\/div><div class=\"modula-item effect-pufrobo\" data-width=\"2\" data-height=\"2\" >\n\t<div class=\"modula-item-overlay\"><\/div>\n\n\t<div class=\"modula-item-content\">\n\n\t\t\t\t\n\t\t\t\t\t<a href=\"https:\/\/siralystrand.hu\/wp-content\/uploads\/2021\/06\/vizibicikli_1-scaled.jpg\" rel=\"jtg-3962\" data-caption=\"\" class=\"tile-inner modula-item-link\"><\/a>\n\t\t\n\t\t\n\t\t<img class='pic' data-valign=\"middle\" data-halign=\"center\" alt=\"\" src=\"https:\/\/siralystrand.hu\/wp-content\/uploads\/2021\/06\/vizibicikli_1-scaled.jpg\" data-src=\"https:\/\/siralystrand.hu\/wp-content\/uploads\/2021\/06\/vizibicikli_1-scaled.jpg\"\/>\n\n\t\t\n\t\t<div class=\"figc no-description\">\n\t\t\t<div class=\"figc-inner\">\n\t\t\t\t\t\t\t\t\t\t\t\t\t\t\t<\/div>\n\t\t<\/div>\n\n\t<\/div>\n\n<\/div><div class=\"modula-item effect-pufrobo\" data-width=\"2\" data-height=\"2\" >\n\t<div class=\"modula-item-overlay\"><\/div>\n\n\t<div class=\"modula-item-content\">\n\n\t\t\t\t\n\t\t\t\t\t<a href=\"https:\/\/siralystrand.hu\/wp-content\/uploads\/2020\/06\/IMG_4304.jpg\" rel=\"jtg-3962\" data-caption=\"\" class=\"tile-inner modula-item-link\"><\/a>\n\t\t\n\t\t\n\t\t<img class='pic' data-valign=\"middle\" data-halign=\"center\" alt=\"\" src=\"https:\/\/siralystrand.hu\/wp-content\/uploads\/2020\/06\/IMG_4304.jpg\" data-src=\"https:\/\/siralystrand.hu\/wp-content\/uploads\/2020\/06\/IMG_4304.jpg\"\/>\n\n\t\t\n\t\t<div class=\"figc no-description\">\n\t\t\t<div class=\"figc-inner\">\n\t\t\t\t\t\t\t\t\t\t\t\t\t\t\t<\/div>\n\t\t<\/div>\n\n\t<\/div>\n\n<\/div><div class=\"modula-item effect-pufrobo\" data-width=\"2\" data-height=\"2\" >\n\t<div class=\"modula-item-overlay\"><\/div>\n\n\t<div class=\"modula-item-content\">\n\n\t\t\t\t\n\t\t\t\t\t<a href=\"https:\/\/siralystrand.hu\/wp-content\/uploads\/2020\/06\/IMG_4306.jpeg\" rel=\"jtg-3962\" data-caption=\"\" class=\"tile-inner modula-item-link\"><\/a>\n\t\t\n\t\t\n\t\t<img class='pic' data-valign=\"middle\" data-halign=\"center\" alt=\"\" src=\"https:\/\/siralystrand.hu\/wp-content\/uploads\/2020\/06\/IMG_4306.jpeg\" data-src=\"https:\/\/siralystrand.hu\/wp-content\/uploads\/2020\/06\/IMG_4306.jpeg\"\/>\n\n\t\t\n\t\t<div class=\"figc no-description\">\n\t\t\t<div class=\"figc-inner\">\n\t\t\t\t\t\t\t\t\t\t\t\t\t\t\t<\/div>\n\t\t<\/div>\n\n\t<\/div>\n\n<\/div><div class=\"modula-item effect-pufrobo\" data-width=\"5\" data-height=\"2\" >\n\t<div class=\"modula-item-overlay\"><\/div>\n\n\t<div class=\"modula-item-content\">\n\n\t\t\t\t\n\t\t\t\t\t<a href=\"https:\/\/siralystrand.hu\/wp-content\/uploads\/2020\/06\/IMG_4308.jpg\" rel=\"jtg-3962\" data-caption=\"\" class=\"tile-inner modula-item-link\"><\/a>\n\t\t\n\t\t\n\t\t<img class='pic' data-valign=\"middle\" data-halign=\"center\" alt=\"\" src=\"https:\/\/siralystrand.hu\/wp-content\/uploads\/2020\/06\/IMG_4308.jpg\" data-src=\"https:\/\/siralystrand.hu\/wp-content\/uploads\/2020\/06\/IMG_4308.jpg\"\/>\n\n\t\t\n\t\t<div class=\"figc no-description\">\n\t\t\t<div class=\"figc-inner\">\n\t\t\t\t\t\t\t\t\t\t\t\t\t\t\t<\/div>\n\t\t<\/div>\n\n\t<\/div>\n\n<\/div><div class=\"modula-item effect-pufrobo\" data-width=\"4\" data-height=\"2\" >\n\t<div class=\"modula-item-overlay\"><\/div>\n\n\t<div class=\"modula-item-content\">\n\n\t\t\t\t\n\t\t\t\t\t<a href=\"https:\/\/siralystrand.hu\/wp-content\/uploads\/2020\/06\/IMG_4307.jpg\" rel=\"jtg-3962\" data-caption=\"\" class=\"tile-inner modula-item-link\"><\/a>\n\t\t\n\t\t\n\t\t<img class='pic' data-valign=\"middle\" data-halign=\"center\" alt=\"\" src=\"https:\/\/siralystrand.hu\/wp-content\/uploads\/2020\/06\/IMG_4307.jpg\" data-src=\"https:\/\/siralystrand.hu\/wp-content\/uploads\/2020\/06\/IMG_4307.jpg\"\/>\n\n\t\t\n\t\t<div class=\"figc no-description\">\n\t\t\t<div class=\"figc-inner\">\n\t\t\t\t\t\t\t\t\t\t\t\t\t\t\t<\/div>\n\t\t<\/div>\n\n\t<\/div>\n\n<\/div><div class=\"modula-item effect-pufrobo\" data-width=\"2\" data-height=\"2\" >\n\t<div class=\"modula-item-overlay\"><\/div>\n\n\t<div class=\"modula-item-content\">\n\n\t\t\t\t\n\t\t\t\t\t<a href=\"https:\/\/siralystrand.hu\/wp-content\/uploads\/2020\/06\/IMG_4296.jpg\" rel=\"jtg-3962\" data-caption=\"\" class=\"tile-inner modula-item-link\"><\/a>\n\t\t\n\t\t\n\t\t<img class='pic' data-valign=\"middle\" data-halign=\"center\" alt=\"\" src=\"https:\/\/siralystrand.hu\/wp-content\/uploads\/2020\/06\/IMG_4296.jpg\" data-src=\"https:\/\/siralystrand.hu\/wp-content\/uploads\/2020\/06\/IMG_4296.jpg\"\/>\n\n\t\t\n\t\t<div class=\"figc no-description\">\n\t\t\t<div class=\"figc-inner\">\n\t\t\t\t\t\t\t\t\t\t\t\t\t\t\t<\/div>\n\t\t<\/div>\n\n\t<\/div>\n\n<\/div><div class=\"modula-item effect-pufrobo\" data-width=\"3\" data-height=\"2\" >\n\t<div class=\"modula-item-overlay\"><\/div>\n\n\t<div class=\"modula-item-content\">\n\n\t\t\t\t\n\t\t\t\t\t<a href=\"https:\/\/siralystrand.hu\/wp-content\/uploads\/2020\/06\/IMG_4305.jpg\" rel=\"jtg-3962\" data-caption=\"\" class=\"tile-inner modula-item-link\"><\/a>\n\t\t\n\t\t\n\t\t<img class='pic' data-valign=\"middle\" data-halign=\"center\" alt=\"Sir\u00e1ly Strand Velencei-t\u00f3\" src=\"https:\/\/siralystrand.hu\/wp-content\/uploads\/2020\/06\/IMG_4305.jpg\" data-src=\"https:\/\/siralystrand.hu\/wp-content\/uploads\/2020\/06\/IMG_4305.jpg\"\/>\n\n\t\t\n\t\t<div class=\"figc no-description\">\n\t\t\t<div class=\"figc-inner\">\n\t\t\t\t\t\t\t\t\t\t\t\t\t\t\t<\/div>\n\t\t<\/div>\n\n\t<\/div>\n\n<\/div><div class=\"modula-item effect-pufrobo\" data-width=\"2\" data-height=\"2\" >\n\t<div class=\"modula-item-overlay\"><\/div>\n\n\t<div class=\"modula-item-content\">\n\n\t\t\t\t\n\t\t\t\t\t<a href=\"https:\/\/siralystrand.hu\/wp-content\/uploads\/2020\/06\/IMG_4292.jpg\" rel=\"jtg-3962\" data-caption=\"\" class=\"tile-inner modula-item-link\"><\/a>\n\t\t\n\t\t\n\t\t<img class='pic' data-valign=\"middle\" data-halign=\"center\" alt=\"\" src=\"https:\/\/siralystrand.hu\/wp-content\/uploads\/2020\/06\/IMG_4292.jpg\" data-src=\"https:\/\/siralystrand.hu\/wp-content\/uploads\/2020\/06\/IMG_4292.jpg\"\/>\n\n\t\t\n\t\t<div class=\"figc no-description\">\n\t\t\t<div class=\"figc-inner\">\n\t\t\t\t\t\t\t\t\t\t\t\t\t\t\t<\/div>\n\t\t<\/div>\n\n\t<\/div>\n\n<\/div><div class=\"modula-item effect-pufrobo\" data-width=\"2\" data-height=\"2\" >\n\t<div class=\"modula-item-overlay\"><\/div>\n\n\t<div class=\"modula-item-content\">\n\n\t\t\t\t\n\t\t\t\t\t<a href=\"https:\/\/siralystrand.hu\/wp-content\/uploads\/2020\/06\/IMG_4291-1.jpg\" rel=\"jtg-3962\" data-caption=\"\" class=\"tile-inner modula-item-link\"><\/a>\n\t\t\n\t\t\n\t\t<img class='pic' data-valign=\"middle\" data-halign=\"center\" alt=\"\" src=\"https:\/\/siralystrand.hu\/wp-content\/uploads\/2020\/06\/IMG_4291-1.jpg\" data-src=\"https:\/\/siralystrand.hu\/wp-content\/uploads\/2020\/06\/IMG_4291-1.jpg\"\/>\n\n\t\t\n\t\t<div class=\"figc no-description\">\n\t\t\t<div class=\"figc-inner\">\n\t\t\t\t\t\t\t\t\t\t\t\t\t\t\t<\/div>\n\t\t<\/div>\n\n\t<\/div>\n\n<\/div><div class=\"modula-item effect-pufrobo\" data-width=\"2\" data-height=\"2\" >\n\t<div class=\"modula-item-overlay\"><\/div>\n\n\t<div class=\"modula-item-content\">\n\n\t\t\t\t\n\t\t\t\t\t<a href=\"https:\/\/siralystrand.hu\/wp-content\/uploads\/2020\/06\/IMG_4295.jpg\" rel=\"jtg-3962\" data-caption=\"\" class=\"tile-inner modula-item-link\"><\/a>\n\t\t\n\t\t\n\t\t<img class='pic' data-valign=\"middle\" data-halign=\"center\" alt=\"\" src=\"https:\/\/siralystrand.hu\/wp-content\/uploads\/2020\/06\/IMG_4295.jpg\" data-src=\"https:\/\/siralystrand.hu\/wp-content\/uploads\/2020\/06\/IMG_4295.jpg\"\/>\n\n\t\t\n\t\t<div class=\"figc no-description\">\n\t\t\t<div class=\"figc-inner\">\n\t\t\t\t\t\t\t\t\t\t\t\t\t\t\t<\/div>\n\t\t<\/div>\n\n\t<\/div>\n\n<\/div><div class=\"modula-item effect-pufrobo\" data-width=\"2\" data-height=\"2\" >\n\t<div class=\"modula-item-overlay\"><\/div>\n\n\t<div class=\"modula-item-content\">\n\n\t\t\t\t\n\t\t\t\t\t<a href=\"https:\/\/siralystrand.hu\/wp-content\/uploads\/2020\/06\/IMG_4297.jpg\" rel=\"jtg-3962\" data-caption=\"\" class=\"tile-inner modula-item-link\"><\/a>\n\t\t\n\t\t\n\t\t<img class='pic' data-valign=\"middle\" data-halign=\"center\" alt=\"\" src=\"https:\/\/siralystrand.hu\/wp-content\/uploads\/2020\/06\/IMG_4297.jpg\" data-src=\"https:\/\/siralystrand.hu\/wp-content\/uploads\/2020\/06\/IMG_4297.jpg\"\/>\n\n\t\t\n\t\t<div class=\"figc no-description\">\n\t\t\t<div class=\"figc-inner\">\n\t\t\t\t\t\t\t\t\t\t\t\t\t\t\t<\/div>\n\t\t<\/div>\n\n\t<\/div>\n\n<\/div><div class=\"modula-item effect-pufrobo\" data-width=\"2\" data-height=\"2\" >\n\t<div class=\"modula-item-overlay\"><\/div>\n\n\t<div class=\"modula-item-content\">\n\n\t\t\t\t\n\t\t\t\t\t<a href=\"https:\/\/siralystrand.hu\/wp-content\/uploads\/2020\/06\/IMG_4301.jpg\" rel=\"jtg-3962\" data-caption=\"\" class=\"tile-inner modula-item-link\"><\/a>\n\t\t\n\t\t\n\t\t<img class='pic' data-valign=\"middle\" data-halign=\"center\" alt=\"\" src=\"https:\/\/siralystrand.hu\/wp-content\/uploads\/2020\/06\/IMG_4301.jpg\" data-src=\"https:\/\/siralystrand.hu\/wp-content\/uploads\/2020\/06\/IMG_4301.jpg\"\/>\n\n\t\t\n\t\t<div class=\"figc no-description\">\n\t\t\t<div class=\"figc-inner\">\n\t\t\t\t\t\t\t\t\t\t\t\t\t\t\t<\/div>\n\t\t<\/div>\n\n\t<\/div>\n\n<\/div><div class=\"modula-item effect-pufrobo\" data-width=\"4\" data-height=\"2\" >\n\t<div class=\"modula-item-overlay\"><\/div>\n\n\t<div class=\"modula-item-content\">\n\n\t\t\t\t\n\t\t\t\t\t<a href=\"https:\/\/siralystrand.hu\/wp-content\/uploads\/2020\/06\/IMG_4302.jpg\" rel=\"jtg-3962\" data-caption=\"\" class=\"tile-inner modula-item-link\"><\/a>\n\t\t\n\t\t\n\t\t<img class='pic' data-valign=\"middle\" data-halign=\"center\" alt=\"Sir\u00e1ly Strand V\u00edzi bicikli k\u00f6lcs\u00f6nz\u0151 1\" src=\"https:\/\/siralystrand.hu\/wp-content\/uploads\/2020\/06\/IMG_4302.jpg\" data-src=\"https:\/\/siralystrand.hu\/wp-content\/uploads\/2020\/06\/IMG_4302.jpg\"\/>\n\n\t\t\n\t\t<div class=\"figc no-description\">\n\t\t\t<div class=\"figc-inner\">\n\t\t\t\t\t\t\t\t\t\t\t\t\t\t\t<\/div>\n\t\t<\/div>\n\n\t<\/div>\n\n<\/div><div class=\"modula-item effect-pufrobo\" data-width=\"2\" data-height=\"3\" >\n\t<div class=\"modula-item-overlay\"><\/div>\n\n\t<div class=\"modula-item-content\">\n\n\t\t\t\t\n\t\t\t\t\t<a href=\"https:\/\/siralystrand.hu\/wp-content\/uploads\/2020\/06\/IMG_4298.jpg\" rel=\"jtg-3962\" data-caption=\"\" class=\"tile-inner modula-item-link\"><\/a>\n\t\t\n\t\t\n\t\t<img class='pic' data-valign=\"middle\" data-halign=\"center\" alt=\"\" src=\"https:\/\/siralystrand.hu\/wp-content\/uploads\/2020\/06\/IMG_4298.jpg\" data-src=\"https:\/\/siralystrand.hu\/wp-content\/uploads\/2020\/06\/IMG_4298.jpg\"\/>\n\n\t\t\n\t\t<div class=\"figc no-description\">\n\t\t\t<div class=\"figc-inner\">\n\t\t\t\t\t\t\t\t\t\t\t\t\t\t\t<\/div>\n\t\t<\/div>\n\n\t<\/div>\n\n<\/div><div class=\"modula-item effect-pufrobo\" data-width=\"2\" data-height=\"2\" >\n\t<div class=\"modula-item-overlay\"><\/div>\n\n\t<div class=\"modula-item-content\">\n\n\t\t\t\t\n\t\t\t\t\t<a href=\"https:\/\/siralystrand.hu\/wp-content\/uploads\/2020\/06\/IMG_4290.jpg\" rel=\"jtg-3962\" data-caption=\"\" class=\"tile-inner modula-item-link\"><\/a>\n\t\t\n\t\t\n\t\t<img class='pic' data-valign=\"middle\" data-halign=\"center\" alt=\"\" src=\"https:\/\/siralystrand.hu\/wp-content\/uploads\/2020\/06\/IMG_4290.jpg\" data-src=\"https:\/\/siralystrand.hu\/wp-content\/uploads\/2020\/06\/IMG_4290.jpg\"\/>\n\n\t\t\n\t\t<div class=\"figc no-description\">\n\t\t\t<div class=\"figc-inner\">\n\t\t\t\t\t\t\t\t\t\t\t\t\t\t\t<\/div>\n\t\t<\/div>\n\n\t<\/div>\n\n<\/div><div class=\"modula-item effect-pufrobo\" data-width=\"5\" data-height=\"3\" >\n\t<div class=\"modula-item-overlay\"><\/div>\n\n\t<div class=\"modula-item-content\">\n\n\t\t\t\t\n\t\t\t\t\t<a href=\"https:\/\/siralystrand.hu\/wp-content\/uploads\/2020\/06\/IMG_4294.jpg\" rel=\"jtg-3962\" data-caption=\"\" class=\"tile-inner modula-item-link\"><\/a>\n\t\t\n\t\t\n\t\t<img class='pic' data-valign=\"middle\" data-halign=\"center\" alt=\"\" src=\"https:\/\/siralystrand.hu\/wp-content\/uploads\/2020\/06\/IMG_4294.jpg\" data-src=\"https:\/\/siralystrand.hu\/wp-content\/uploads\/2020\/06\/IMG_4294.jpg\"\/>\n\n\t\t\n\t\t<div class=\"figc no-description\">\n\t\t\t<div class=\"figc-inner\">\n\t\t\t\t\t\t\t\t\t\t\t\t\t\t\t<\/div>\n\t\t<\/div>\n\n\t<\/div>\n\n<\/div><div class=\"modula-item effect-pufrobo\" data-width=\"4\" data-height=\"3\" >\n\t<div class=\"modula-item-overlay\"><\/div>\n\n\t<div class=\"modula-item-content\">\n\n\t\t\t\t\n\t\t\t\t\t<a href=\"https:\/\/siralystrand.hu\/wp-content\/uploads\/2020\/06\/IMG_4303.jpg\" rel=\"jtg-3962\" data-caption=\"\" class=\"tile-inner modula-item-link\"><\/a>\n\t\t\n\t\t\n\t\t<img class='pic' data-valign=\"middle\" data-halign=\"center\" alt=\"Sir\u00e1ly Strand V\u00edzi bicikli k\u00f6lcs\u00f6nz\u0151\" src=\"https:\/\/siralystrand.hu\/wp-content\/uploads\/2020\/06\/IMG_4303.jpg\" data-src=\"https:\/\/siralystrand.hu\/wp-content\/uploads\/2020\/06\/IMG_4303.jpg\"\/>\n\n\t\t\n\t\t<div class=\"figc no-description\">\n\t\t\t<div class=\"figc-inner\">\n\t\t\t\t\t\t\t\t\t\t\t\t\t\t\t<\/div>\n\t\t<\/div>\n\n\t<\/div>\n\n<\/div>\t\t\n\t<\/div>\n\n\t\n\t\n\t<script type=\"application\/ld+json\">\n\t{\n\t\t\"@context\": \"http:\/\/schema.org\",\n\t\t\"@type\"   : \"ImageGallery\",\n\t\t\"id\"      : \"https:\/\/siralystrand.hu\/en\/wp-json\/wp\/v2\/pages\/3969\",\n\t\t\"url\"     : \"https:\/\/siralystrand.hu\/en\/wp-json\/wp\/v2\/pages\/3969\"\n\t}\n\n    <\/script>\n\n\t\n<\/div>\n[\/et_pb_text][\/et_pb_column]\n\t\t[\/et_pb_row]\n\t[\/et_pb_section]","protected":false},"excerpt":{"rendered":"<p>[et_pb_section admin_label=&#8221;section&#8221;] [et_pb_row admin_label=&#8221;row&#8221;] [et_pb_column type=&#8221;4_4&#8243;][et_pb_text admin_label=&#8221;Text&#8221;] [\/et_pb_text][\/et_pb_column] [\/et_pb_row] [\/et_pb_section]<\/p>","protected":false},"author":11,"featured_media":0,"parent":0,"menu_order":0,"comment_status":"closed","ping_status":"closed","template":"page-template-blank.php","meta":{"_et_pb_use_builder":"on","_et_pb_old_content":"<!-- wp:paragraph -->\n<p>[modula id=\"3962\"]<\/p>\n<!-- \/wp:paragraph -->"},"yoast_head":"<!-- This site is optimized with the Yoast SEO plugin v14.4.1 - https:\/\/yoast.com\/wordpress\/plugins\/seo\/ -->\n<title>Gal\u00e9ria | Siralystrand<\/title>\n<meta name=\"robots\" content=\"index, follow\" \/>\n<meta name=\"googlebot\" content=\"index, follow, max-snippet:-1, max-image-preview:large, max-video-preview:-1\" \/>\n<meta name=\"bingbot\" content=\"index, follow, max-snippet:-1, max-image-preview:large, max-video-preview:-1\" \/>\n<link rel=\"canonical\" href=\"https:\/\/siralystrand.hu\/en\/galeria\/\" \/>\n<meta property=\"og:locale\" content=\"en_GB\" \/>\n<meta property=\"og:type\" content=\"article\" \/>\n<meta property=\"og:title\" content=\"Gal\u00e9ria | Siralystrand\" \/>\n<meta property=\"og:description\" content=\"[et_pb_section admin_label=&#8221;section&#8221;] [et_pb_row admin_label=&#8221;row&#8221;] [et_pb_column type=&#8221;4_4&#8243;][et_pb_text admin_label=&#8221;Text&#8221;] [\/et_pb_text][\/et_pb_column] [\/et_pb_row] [\/et_pb_section]\" \/>\n<meta property=\"og:url\" content=\"https:\/\/siralystrand.hu\/en\/galeria\/\" \/>\n<meta property=\"og:site_name\" content=\"Siralystrand\" \/>\n<meta property=\"article:publisher\" content=\"https:\/\/www.facebook.com\/siralystrand\/\" \/>\n<meta property=\"article:modified_time\" content=\"2021-06-21T08:31:24+00:00\" \/>\n<meta name=\"twitter:card\" content=\"summary_large_image\" \/>\n<script type=\"application\/ld+json\" class=\"yoast-schema-graph\">{\"@context\":\"https:\/\/schema.org\",\"@graph\":[{\"@type\":\"Organization\",\"@id\":\"https:\/\/siralystrand.hu\/en\/#organization\",\"name\":\"Sir\\u00e1ly Strand \\u00e9s Kemping\",\"url\":\"https:\/\/siralystrand.hu\/en\/\",\"sameAs\":[\"https:\/\/www.facebook.com\/siralystrand\/\"],\"logo\":{\"@type\":\"ImageObject\",\"@id\":\"https:\/\/siralystrand.hu\/en\/#logo\",\"inLanguage\":\"en-GB\",\"url\":\"https:\/\/siralystrand.hu\/wp-content\/uploads\/2020\/05\/siralystrand-logo.png\",\"width\":120,\"height\":112,\"caption\":\"Sir\\u00e1ly Strand \\u00e9s Kemping\"},\"image\":{\"@id\":\"https:\/\/siralystrand.hu\/en\/#logo\"}},{\"@type\":\"WebSite\",\"@id\":\"https:\/\/siralystrand.hu\/en\/#website\",\"url\":\"https:\/\/siralystrand.hu\/en\/\",\"name\":\"Siralystrand\",\"description\":\"Kemping | Strand\",\"publisher\":{\"@id\":\"https:\/\/siralystrand.hu\/en\/#organization\"},\"potentialAction\":[{\"@type\":\"SearchAction\",\"target\":\"https:\/\/siralystrand.hu\/en\/?s={search_term_string}\",\"query-input\":\"required name=search_term_string\"}],\"inLanguage\":\"en-GB\"},{\"@type\":\"WebPage\",\"@id\":\"https:\/\/siralystrand.hu\/galeria\/#webpage\",\"url\":\"https:\/\/siralystrand.hu\/galeria\/\",\"name\":\"Gal\\u00e9ria | Siralystrand\",\"isPartOf\":{\"@id\":\"https:\/\/siralystrand.hu\/en\/#website\"},\"datePublished\":\"2020-06-23T23:42:36+00:00\",\"dateModified\":\"2021-06-21T08:31:24+00:00\",\"inLanguage\":\"en-GB\",\"potentialAction\":[{\"@type\":\"ReadAction\",\"target\":[\"https:\/\/siralystrand.hu\/galeria\/\"]}]}]}<\/script>\n<!-- \/ Yoast SEO plugin. -->","_links":{"self":[{"href":"https:\/\/siralystrand.hu\/en\/wp-json\/wp\/v2\/pages\/3969"}],"collection":[{"href":"https:\/\/siralystrand.hu\/en\/wp-json\/wp\/v2\/pages"}],"about":[{"href":"https:\/\/siralystrand.hu\/en\/wp-json\/wp\/v2\/types\/page"}],"author":[{"embeddable":true,"href":"https:\/\/siralystrand.hu\/en\/wp-json\/wp\/v2\/users\/11"}],"replies":[{"embeddable":true,"href":"https:\/\/siralystrand.hu\/en\/wp-json\/wp\/v2\/comments?post=3969"}],"version-history":[{"count":2,"href":"https:\/\/siralystrand.hu\/en\/wp-json\/wp\/v2\/pages\/3969\/revisions"}],"predecessor-version":[{"id":4173,"href":"https:\/\/siralystrand.hu\/en\/wp-json\/wp\/v2\/pages\/3969\/revisions\/4173"}],"wp:attachment":[{"href":"https:\/\/siralystrand.hu\/en\/wp-json\/wp\/v2\/media?parent=3969"}],"curies":[{"name":"wp","href":"https:\/\/api.w.org\/{rel}","templated":true}]}}