{"id":4147,"date":"2021-05-28T09:08:17","date_gmt":"2021-05-28T07:08:17","guid":{"rendered":"https:\/\/siralystrand.hu\/?page_id=4147"},"modified":"2021-05-28T09:57:45","modified_gmt":"2021-05-28T07:57:45","slug":"https-gardonyistrandok-city-pay-hu","status":"publish","type":"page","link":"https:\/\/siralystrand.hu\/en\/https-gardonyistrandok-city-pay-hu\/","title":{"rendered":"ONLINE ticket purchase"},"content":{"rendered":"<p>[et_pb_section fb_built=&#8221;1&#8243; _builder_version=&#8221;4.0.10&#8243;][et_pb_row _builder_version=&#8221;4.0.10&#8243;][et_pb_column type=&#8221;4_4&#8243; _builder_version=&#8221;4.0.10&#8243;][et_pb_cta button_url=&#8221;https:\/\/gardonyistrandok.city-pay.hu\/&#8221; url_new_window=&#8221;on&#8221; button_text=&#8221;ONLINE Jegy- \u00e9s B\u00e9rletv\u00e1s\u00e1rl\u00e1s Sir\u00e1ly Strand&#8221; button_text_tablet=&#8221;ONLINE Jegy- \u00e9s B\u00e9rletv\u00e1s\u00e1rl\u00e1s Sir\u00e1ly Strand&#8221; button_text_phone=&#8221;ONLINE Jegy- \u00e9s B\u00e9rletv\u00e1s\u00e1rl\u00e1s Sir\u00e1ly Strand&#8221; button_text_last_edited=&#8221;on|phone&#8221; _builder_version=&#8221;4.0.10&#8243; link_option_url=&#8221;https:\/\/gardonyistrandok.city-pay.hu\/&#8221; link_option_url_new_window=&#8221;on&#8221; hover_enabled=&#8221;0&#8243;][\/et_pb_cta][\/et_pb_column][\/et_pb_row][\/et_pb_section]<\/p>","protected":false},"excerpt":{"rendered":"<p>[et_pb_section fb_built=&#8221;1&#8243; _builder_version=&#8221;4.0.10&#8243;][et_pb_row _builder_version=&#8221;4.0.10&#8243;][et_pb_column type=&#8221;4_4&#8243; _builder_version=&#8221;4.0.10&#8243;][et_pb_cta button_url=&#8221;https:\/\/gardonyistrandok.city-pay.hu\/&#8221; url_new_window=&#8221;on&#8221; button_text=&#8221;ONLINE Jegy- \u00e9s B\u00e9rletv\u00e1s\u00e1rl\u00e1s Sir\u00e1ly Strand&#8221; button_text_tablet=&#8221;ONLINE Jegy- \u00e9s B\u00e9rletv\u00e1s\u00e1rl\u00e1s Sir\u00e1ly Strand&#8221; button_text_phone=&#8221;ONLINE Jegy- \u00e9s B\u00e9rletv\u00e1s\u00e1rl\u00e1s Sir\u00e1ly Strand&#8221; button_text_last_edited=&#8221;on|phone&#8221; _builder_version=&#8221;4.0.10&#8243; link_option_url=&#8221;https:\/\/gardonyistrandok.city-pay.hu\/&#8221; link_option_url_new_window=&#8221;on&#8221; hover_enabled=&#8221;0&#8243;][\/et_pb_cta][\/et_pb_column][\/et_pb_row][\/et_pb_section]<\/p>","protected":false},"author":11,"featured_media":0,"parent":0,"menu_order":0,"comment_status":"closed","ping_status":"closed","template":"","meta":{"_et_pb_use_builder":"on","_et_pb_old_content":""},"yoast_head":"<!-- This site is optimized with the Yoast SEO plugin v14.4.1 - https:\/\/yoast.com\/wordpress\/plugins\/seo\/ -->\n<title>ONLINE Jegyv\u00e1s\u00e1rl\u00e1s | Siralystrand<\/title>\n<meta name=\"robots\" content=\"index, follow\" \/>\n<meta name=\"googlebot\" content=\"index, follow, max-snippet:-1, max-image-preview:large, max-video-preview:-1\" \/>\n<meta name=\"bingbot\" content=\"index, follow, max-snippet:-1, max-image-preview:large, max-video-preview:-1\" \/>\n<link rel=\"canonical\" href=\"https:\/\/siralystrand.hu\/en\/https-gardonyistrandok-city-pay-hu\/\" \/>\n<meta property=\"og:locale\" content=\"en_GB\" \/>\n<meta property=\"og:type\" content=\"article\" \/>\n<meta property=\"og:title\" content=\"ONLINE Jegyv\u00e1s\u00e1rl\u00e1s | Siralystrand\" \/>\n<meta property=\"og:description\" content=\"[et_pb_section fb_built=&#8221;1&#8243; _builder_version=&#8221;4.0.10&#8243;][et_pb_row _builder_version=&#8221;4.0.10&#8243;][et_pb_column type=&#8221;4_4&#8243; _builder_version=&#8221;4.0.10&#8243;][et_pb_cta button_url=&#8221;https:\/\/gardonyistrandok.city-pay.hu\/&#8221; url_new_window=&#8221;on&#8221; button_text=&#8221;ONLINE Jegy- \u00e9s B\u00e9rletv\u00e1s\u00e1rl\u00e1s Sir\u00e1ly Strand&#8221; button_text_tablet=&#8221;ONLINE Jegy- \u00e9s B\u00e9rletv\u00e1s\u00e1rl\u00e1s Sir\u00e1ly Strand&#8221; button_text_phone=&#8221;ONLINE Jegy- \u00e9s B\u00e9rletv\u00e1s\u00e1rl\u00e1s Sir\u00e1ly Strand&#8221; button_text_last_edited=&#8221;on|phone&#8221; _builder_version=&#8221;4.0.10&#8243; link_option_url=&#8221;https:\/\/gardonyistrandok.city-pay.hu\/&#8221; link_option_url_new_window=&#8221;on&#8221; hover_enabled=&#8221;0&#8243;][\/et_pb_cta][\/et_pb_column][\/et_pb_row][\/et_pb_section]\" \/>\n<meta property=\"og:url\" content=\"https:\/\/siralystrand.hu\/en\/https-gardonyistrandok-city-pay-hu\/\" \/>\n<meta property=\"og:site_name\" content=\"Siralystrand\" \/>\n<meta property=\"article:publisher\" content=\"https:\/\/www.facebook.com\/siralystrand\/\" \/>\n<meta property=\"article:modified_time\" content=\"2021-05-28T07:57:45+00:00\" \/>\n<meta name=\"twitter:card\" content=\"summary_large_image\" \/>\n<script type=\"application\/ld+json\" class=\"yoast-schema-graph\">{\"@context\":\"https:\/\/schema.org\",\"@graph\":[{\"@type\":\"Organization\",\"@id\":\"https:\/\/siralystrand.hu\/en\/#organization\",\"name\":\"Sir\\u00e1ly Strand \\u00e9s Kemping\",\"url\":\"https:\/\/siralystrand.hu\/en\/\",\"sameAs\":[\"https:\/\/www.facebook.com\/siralystrand\/\"],\"logo\":{\"@type\":\"ImageObject\",\"@id\":\"https:\/\/siralystrand.hu\/en\/#logo\",\"inLanguage\":\"en-GB\",\"url\":\"https:\/\/siralystrand.hu\/wp-content\/uploads\/2020\/05\/siralystrand-logo.png\",\"width\":120,\"height\":112,\"caption\":\"Sir\\u00e1ly Strand \\u00e9s Kemping\"},\"image\":{\"@id\":\"https:\/\/siralystrand.hu\/en\/#logo\"}},{\"@type\":\"WebSite\",\"@id\":\"https:\/\/siralystrand.hu\/en\/#website\",\"url\":\"https:\/\/siralystrand.hu\/en\/\",\"name\":\"Siralystrand\",\"description\":\"Kemping | Strand\",\"publisher\":{\"@id\":\"https:\/\/siralystrand.hu\/en\/#organization\"},\"potentialAction\":[{\"@type\":\"SearchAction\",\"target\":\"https:\/\/siralystrand.hu\/en\/?s={search_term_string}\",\"query-input\":\"required name=search_term_string\"}],\"inLanguage\":\"en-GB\"},{\"@type\":\"WebPage\",\"@id\":\"https:\/\/siralystrand.hu\/https-gardonyistrandok-city-pay-hu\/#webpage\",\"url\":\"https:\/\/siralystrand.hu\/https-gardonyistrandok-city-pay-hu\/\",\"name\":\"ONLINE Jegyv\\u00e1s\\u00e1rl\\u00e1s | Siralystrand\",\"isPartOf\":{\"@id\":\"https:\/\/siralystrand.hu\/en\/#website\"},\"datePublished\":\"2021-05-28T07:08:17+00:00\",\"dateModified\":\"2021-05-28T07:57:45+00:00\",\"inLanguage\":\"en-GB\",\"potentialAction\":[{\"@type\":\"ReadAction\",\"target\":[\"https:\/\/siralystrand.hu\/https-gardonyistrandok-city-pay-hu\/\"]}]}]}<\/script>\n<!-- \/ Yoast SEO plugin. -->","_links":{"self":[{"href":"https:\/\/siralystrand.hu\/en\/wp-json\/wp\/v2\/pages\/4147"}],"collection":[{"href":"https:\/\/siralystrand.hu\/en\/wp-json\/wp\/v2\/pages"}],"about":[{"href":"https:\/\/siralystrand.hu\/en\/wp-json\/wp\/v2\/types\/page"}],"author":[{"embeddable":true,"href":"https:\/\/siralystrand.hu\/en\/wp-json\/wp\/v2\/users\/11"}],"replies":[{"embeddable":true,"href":"https:\/\/siralystrand.hu\/en\/wp-json\/wp\/v2\/comments?post=4147"}],"version-history":[{"count":5,"href":"https:\/\/siralystrand.hu\/en\/wp-json\/wp\/v2\/pages\/4147\/revisions"}],"predecessor-version":[{"id":4156,"href":"https:\/\/siralystrand.hu\/en\/wp-json\/wp\/v2\/pages\/4147\/revisions\/4156"}],"wp:attachment":[{"href":"https:\/\/siralystrand.hu\/en\/wp-json\/wp\/v2\/media?parent=4147"}],"curies":[{"name":"wp","href":"https:\/\/api.w.org\/{rel}","templated":true}]}}