{"id":4185,"date":"2021-06-30T12:58:10","date_gmt":"2021-06-30T10:58:10","guid":{"rendered":"https:\/\/siralystrand.hu\/?page_id=4185"},"modified":"2021-06-30T12:58:13","modified_gmt":"2021-06-30T10:58:13","slug":"strand-hazirend","status":"publish","type":"page","link":"https:\/\/siralystrand.hu\/en\/strand-hazirend\/","title":{"rendered":"Beach Rules"},"content":{"rendered":"[et_pb_section fb_built=&#8221;1&#8243; _builder_version=&#8221;4.0.10&#8243;][et_pb_row _builder_version=&#8221;4.0.10&#8243;][et_pb_column _builder_version=&#8221;4.0.10&#8243; type=&#8221;4_4&#8243;][et_pb_text _builder_version=&#8221;4.0.10&#8243; hover_enabled=&#8221;0&#8243;]<p><strong>House rules<\/strong><\/p>\n<p><strong>Sir\u00e1ly Beach - G\u00e1rdony<\/strong><\/p>\n<p><strong>Sir\u00e1ly Beach<\/strong>\u00a0opening hours: 01.06.2020 \u2013 08.31.2020 between every day from 08:00 to 20:00. Swimming in the water is possible from June 1 to 8:31 a.m., when bathers are watched by a lifeguard.<\/p>\n<p>The <strong>Sir\u00e1ly <\/strong><strong>Beach<\/strong> its cash desks are open every day from 08:00 to 19:30. It is not possible to enter after the checkout!<\/p>\n<p>Children under the age of 6, or children under the age of 14 who cannot swim, can only enter the beach bath area accompanied by an adult.<\/p>\n<p>Over the age of 3, the use of a swimsuit or swimming trunks is mandatory!<\/p>\n<p>In the land area of the spa and in the water area bordered by buoys, you must strive to behave in such a way that you do not disturb other spa guests, or cause discomfort or offense to others.<\/p>\n<p>Anyone who does not comply with the House Rules may be refused further beach service by the lifeguard, as well as by the management and employees of the beach spa, and must leave the beach. Anyone who violates the rules may be denied access to the beach later.<\/p>\n<p>The water beach area bordered by buoys is provided by the Lifeguard. In case of beach guests leaving the area towards open water a \u00a0<strong>Sir\u00e1ly Beach<\/strong>\u00a0its operator no longer assumes responsibility for any accidents that may occur.<\/p>\n<p>All bathers must follow the instructions of the swimming instructor and the staff and managers of the beach.<\/p>\n<p>Everyone can use the sports field and playground equipment in the beach spa area only at their own risk, we are not responsible for any resulting injuries.<\/p>\n<p>Please place cups, glass, paper, food waste and garbage in the designated waste containers.<\/p>\n<p>The use of toilets, showers and sinks in the spa is free of charge. Please ensure that they are clean.<\/p>\n<p>First aid is provided free of charge at the designated location.<\/p>\n<p>We are not responsible for the safety of personal items, the guest must take care of their protection.<\/p>\n<p>Spa guests are not allowed to stay in the spa area after closing time!<\/p>\n<p>\u00a0In any case, found objects must be handed in at the ticket office: where the rightful owner can collect them after clearly identifying the object by showing their identity card and registering the handover.<\/p>\n<p>\u00a0By entering the beach area, the spa guest accepts at the same time that if a picture or video recording is made in which he can be seen, he cannot make any claims against the operators, the creators of the recording, or its legitimate users. All guests who appear in the recordings can only be named with their consent.<\/p>\n<p>\u00a0Anyone who intentionally damages or steals the equipment of the beach bath may be obliged to compensate for the damage, may be prosecuted and banned from the beach bath area.<\/p>\n<p>\u00a0Smoking is prohibited on the beach, except in designated areas!<\/p>\n<p>\u00a0The\u00a0<strong>Sir\u00e1ly Beach<\/strong>\u00a0all beach guests must leave the area by 20:10!<\/p>\n<p>\u00a0Between 8:00 p.m. and 8:00 a.m., the lifeguard service ceases, during this period the responsibility for the safety of those bathing in the lake rests with the Napsug\u00e1r Beach\u00a0<strong>Sir\u00e1ly Beach<\/strong>\u00a0management cannot undertake.<\/p>\n<p><strong><u>FORBIDDEN!<\/u><\/strong><\/p>\n<ul>\n<li>bringing dogs and other animals into the beach area,<\/li>\n<li>use cleaning products, consume food and drink in the lake<\/li>\n<li>jumping into the water, throwing each other into the water<\/li>\n<li>to sit and lie on the steps and drains placed in the water<\/li>\n<li>fishing<\/li>\n<\/ul>\n<p>&nbsp;<\/p>\n<p>By paying the beach service fee, our guests accept the above House Rules.<\/p>\n<p>We wish you a pleasant time!<\/p>\n<p>G\u00e1rdonyi V\u00e1ros\u00fczemeltet\u00e9si Kft<\/p>\n[\/et_pb_text][\/et_pb_column][\/et_pb_row][\/et_pb_section]","protected":false},"excerpt":{"rendered":"","protected":false},"author":11,"featured_media":0,"parent":0,"menu_order":0,"comment_status":"closed","ping_status":"closed","template":"","meta":{"_et_pb_use_builder":"on","_et_pb_old_content":""},"yoast_head":"<!-- This site is optimized with the Yoast SEO plugin v14.4.1 - https:\/\/yoast.com\/wordpress\/plugins\/seo\/ -->\n<title>Strand H\u00e1zirend | Siralystrand<\/title>\n<meta name=\"robots\" content=\"index, follow\" \/>\n<meta name=\"googlebot\" content=\"index, follow, max-snippet:-1, max-image-preview:large, max-video-preview:-1\" \/>\n<meta name=\"bingbot\" content=\"index, follow, max-snippet:-1, max-image-preview:large, max-video-preview:-1\" \/>\n<link rel=\"canonical\" href=\"https:\/\/siralystrand.hu\/en\/strand-hazirend\/\" \/>\n<meta property=\"og:locale\" content=\"en_GB\" \/>\n<meta property=\"og:type\" content=\"article\" \/>\n<meta property=\"og:title\" content=\"Strand H\u00e1zirend | Siralystrand\" \/>\n<meta property=\"og:url\" content=\"https:\/\/siralystrand.hu\/en\/strand-hazirend\/\" \/>\n<meta property=\"og:site_name\" content=\"Siralystrand\" \/>\n<meta property=\"article:publisher\" content=\"https:\/\/www.facebook.com\/siralystrand\/\" \/>\n<meta property=\"article:modified_time\" content=\"2021-06-30T10:58:13+00:00\" \/>\n<meta name=\"twitter:card\" content=\"summary_large_image\" \/>\n<script type=\"application\/ld+json\" class=\"yoast-schema-graph\">{\"@context\":\"https:\/\/schema.org\",\"@graph\":[{\"@type\":\"Organization\",\"@id\":\"https:\/\/siralystrand.hu\/en\/#organization\",\"name\":\"Sir\\u00e1ly Strand \\u00e9s Kemping\",\"url\":\"https:\/\/siralystrand.hu\/en\/\",\"sameAs\":[\"https:\/\/www.facebook.com\/siralystrand\/\"],\"logo\":{\"@type\":\"ImageObject\",\"@id\":\"https:\/\/siralystrand.hu\/en\/#logo\",\"inLanguage\":\"en-GB\",\"url\":\"https:\/\/siralystrand.hu\/wp-content\/uploads\/2020\/05\/siralystrand-logo.png\",\"width\":120,\"height\":112,\"caption\":\"Sir\\u00e1ly Strand \\u00e9s Kemping\"},\"image\":{\"@id\":\"https:\/\/siralystrand.hu\/en\/#logo\"}},{\"@type\":\"WebSite\",\"@id\":\"https:\/\/siralystrand.hu\/en\/#website\",\"url\":\"https:\/\/siralystrand.hu\/en\/\",\"name\":\"Siralystrand\",\"description\":\"Kemping | Strand\",\"publisher\":{\"@id\":\"https:\/\/siralystrand.hu\/en\/#organization\"},\"potentialAction\":[{\"@type\":\"SearchAction\",\"target\":\"https:\/\/siralystrand.hu\/en\/?s={search_term_string}\",\"query-input\":\"required name=search_term_string\"}],\"inLanguage\":\"en-GB\"},{\"@type\":\"WebPage\",\"@id\":\"https:\/\/siralystrand.hu\/strand-hazirend\/#webpage\",\"url\":\"https:\/\/siralystrand.hu\/strand-hazirend\/\",\"name\":\"Strand H\\u00e1zirend | Siralystrand\",\"isPartOf\":{\"@id\":\"https:\/\/siralystrand.hu\/en\/#website\"},\"datePublished\":\"2021-06-30T10:58:10+00:00\",\"dateModified\":\"2021-06-30T10:58:13+00:00\",\"inLanguage\":\"en-GB\",\"potentialAction\":[{\"@type\":\"ReadAction\",\"target\":[\"https:\/\/siralystrand.hu\/strand-hazirend\/\"]}]}]}<\/script>\n<!-- \/ Yoast SEO plugin. -->","_links":{"self":[{"href":"https:\/\/siralystrand.hu\/en\/wp-json\/wp\/v2\/pages\/4185"}],"collection":[{"href":"https:\/\/siralystrand.hu\/en\/wp-json\/wp\/v2\/pages"}],"about":[{"href":"https:\/\/siralystrand.hu\/en\/wp-json\/wp\/v2\/types\/page"}],"author":[{"embeddable":true,"href":"https:\/\/siralystrand.hu\/en\/wp-json\/wp\/v2\/users\/11"}],"replies":[{"embeddable":true,"href":"https:\/\/siralystrand.hu\/en\/wp-json\/wp\/v2\/comments?post=4185"}],"version-history":[{"count":3,"href":"https:\/\/siralystrand.hu\/en\/wp-json\/wp\/v2\/pages\/4185\/revisions"}],"predecessor-version":[{"id":4188,"href":"https:\/\/siralystrand.hu\/en\/wp-json\/wp\/v2\/pages\/4185\/revisions\/4188"}],"wp:attachment":[{"href":"https:\/\/siralystrand.hu\/en\/wp-json\/wp\/v2\/media?parent=4185"}],"curies":[{"name":"wp","href":"https:\/\/api.w.org\/{rel}","templated":true}]}}