{"id":5,"date":"2018-03-01T10:35:51","date_gmt":"2018-03-01T10:35:51","guid":{"rendered":"http:\/\/parkkemping.hu\/?page_id=5"},"modified":"2024-05-14T09:07:50","modified_gmt":"2024-05-14T07:07:50","slug":"siraly-strand-gardony-velenceito","status":"publish","type":"page","link":"https:\/\/siralystrand.hu\/en\/","title":{"rendered":"Sir\u00e1ly Beach G\u00e1rdony"},"content":{"rendered":"<p>[et_pb_section fb_built=&#8221;1&#8243; fullwidth=&#8221;on&#8221; _builder_version=&#8221;3.22&#8243;][et_pb_fullwidth_slider module_class=&#8221;secheader&#8221; _builder_version=&#8221;4.0.10&#8243; header_level=&#8221;h1&#8243; header_font=&#8221;Pacifico||||||||&#8221; header_text_align=&#8221;center&#8221; header_font_size=&#8221;60px&#8221; body_font=&#8221;||||||||&#8221; button_alignment=&#8221;center&#8221; custom_padding=&#8221;||80px|||&#8221; header_font_size_tablet=&#8221;&#8221; header_font_size_phone=&#8221;36px&#8221; header_font_size_last_edited=&#8221;on|phone&#8221; button_text_size__hover_enabled=&#8221;off&#8221; button_one_text_size__hover_enabled=&#8221;off&#8221; button_two_text_size__hover_enabled=&#8221;off&#8221; button_text_color__hover_enabled=&#8221;off&#8221; button_one_text_color__hover_enabled=&#8221;off&#8221; button_two_text_color__hover_enabled=&#8221;off&#8221; button_border_width__hover_enabled=&#8221;off&#8221; button_one_border_width__hover_enabled=&#8221;off&#8221; button_two_border_width__hover_enabled=&#8221;off&#8221; button_border_color__hover_enabled=&#8221;off&#8221; button_one_border_color__hover_enabled=&#8221;off&#8221; button_two_border_color__hover_enabled=&#8221;off&#8221; button_border_radius__hover_enabled=&#8221;off&#8221; button_one_border_radius__hover_enabled=&#8221;off&#8221; button_two_border_radius__hover_enabled=&#8221;off&#8221; button_letter_spacing__hover_enabled=&#8221;off&#8221; button_one_letter_spacing__hover_enabled=&#8221;off&#8221; button_two_letter_spacing__hover_enabled=&#8221;off&#8221; button_bg_color__hover_enabled=&#8221;off&#8221; button_one_bg_color__hover_enabled=&#8221;off&#8221; button_two_bg_color__hover_enabled=&#8221;off&#8221;][et_pb_slide heading=&#8221;Sir\u00e1ly Strand G\u00e1rdony&#8221; button_text=&#8221;Tov\u00e1bb a strand \u00e1raihoz!&#8221; button_link=&#8221;https:\/\/siralystrand.hu\/strand-arak\/&#8221; admin_title=&#8221;Sir\u00e1y S K&#8221; _builder_version=&#8221;4.0.10&#8243; header_font=&#8221;||||||||&#8221; header_text_color=&#8221;#ffffff&#8221; background_color=&#8221;#ffffff&#8221; background_image=&#8221;https:\/\/siralystrand.hu\/wp-content\/uploads\/2020\/06\/IMG_4285.jpg&#8221; background_enable_image=&#8221;on&#8221; parallax=&#8221;on&#8221; custom_button=&#8221;on&#8221; button_text_size=&#8221;18px&#8221; button_text_color=&#8221;#ffffff&#8221; button_border_width=&#8221;2px&#8221; button_font=&#8221;||||||||&#8221; button_use_icon=&#8221;on&#8221; button_icon=&#8221;%%20%%&#8221; button_rel=&#8221;on|off|off|off|off&#8221; text_orientation=&#8221;center&#8221; header_font_size_phone=&#8221;45px&#8221; header_font_size_last_edited=&#8221;off|desktop&#8221; button_text_size_tablet=&#8221;&#8221; button_text_size_phone=&#8221;14px&#8221; button_text_size_last_edited=&#8221;on|desktop&#8221; button_text_size__hover_enabled=&#8221;off&#8221; button_one_text_size__hover_enabled=&#8221;off&#8221; button_two_text_size__hover_enabled=&#8221;off&#8221; button_text_color__hover_enabled=&#8221;off&#8221; button_one_text_color__hover_enabled=&#8221;off&#8221; button_two_text_color__hover_enabled=&#8221;off&#8221; button_border_width__hover_enabled=&#8221;off&#8221; button_one_border_width__hover_enabled=&#8221;off&#8221; button_two_border_width__hover_enabled=&#8221;off&#8221; button_border_color__hover_enabled=&#8221;off&#8221; button_one_border_color__hover_enabled=&#8221;off&#8221; button_two_border_color__hover_enabled=&#8221;off&#8221; button_border_radius__hover_enabled=&#8221;off&#8221; button_one_border_radius__hover_enabled=&#8221;off&#8221; button_two_border_radius__hover_enabled=&#8221;off&#8221; button_letter_spacing__hover_enabled=&#8221;off&#8221; button_one_letter_spacing__hover_enabled=&#8221;off&#8221; button_two_letter_spacing__hover_enabled=&#8221;off&#8221; button_bg_color__hover_enabled=&#8221;off&#8221; button_one_bg_color__hover_enabled=&#8221;off&#8221; button_two_bg_color__hover_enabled=&#8221;off&#8221;][\/et_pb_slide][et_pb_slide heading=&#8221;Sir\u00e1ly Strand \u00e9s Kemping G\u00e1rdony&#8221; button_text=&#8221;Tov\u00e1bb a Strand oldal\u00e1ra!&#8221; button_link=&#8221;\/strand&#8221; admin_title=&#8221;Sir\u00e1ly Strand \u00e9s Kemping nyit\u00f3 k\u00e9p&#8221; _builder_version=&#8221;4.0.10&#8243; header_font=&#8221;||||||||&#8221; header_text_color=&#8221;#ffffff&#8221; background_color=&#8221;rgba(0,0,0,0.62)&#8221; background_image=&#8221;https:\/\/parkkemping.hu\/wp-content\/uploads\/2018\/05\/park_strand_kemping.jpg&#8221; background_blend=&#8221;overlay&#8221; custom_button=&#8221;on&#8221; button_text_size=&#8221;18px&#8221; button_text_color=&#8221;#ffffff&#8221; button_border_width=&#8221;2px&#8221; button_font=&#8221;||||||||&#8221; button_use_icon=&#8221;on&#8221; button_icon=&#8221;%%20%%&#8221; button_rel=&#8221;on|off|off|off|off&#8221; text_orientation=&#8221;center&#8221; header_font_size_phone=&#8221;45px&#8221; header_font_size_last_edited=&#8221;off|desktop&#8221; button_text_size_tablet=&#8221;&#8221; button_text_size_phone=&#8221;14px&#8221; button_text_size_last_edited=&#8221;on|phone&#8221; button_text_size__hover_enabled=&#8221;off&#8221; button_one_text_size__hover_enabled=&#8221;off&#8221; button_two_text_size__hover_enabled=&#8221;off&#8221; button_text_color__hover_enabled=&#8221;off&#8221; button_one_text_color__hover_enabled=&#8221;off&#8221; button_two_text_color__hover_enabled=&#8221;off&#8221; button_border_width__hover_enabled=&#8221;off&#8221; button_one_border_width__hover_enabled=&#8221;off&#8221; button_two_border_width__hover_enabled=&#8221;off&#8221; button_border_color__hover_enabled=&#8221;off&#8221; button_one_border_color__hover_enabled=&#8221;off&#8221; button_two_border_color__hover_enabled=&#8221;off&#8221; button_border_radius__hover_enabled=&#8221;off&#8221; button_one_border_radius__hover_enabled=&#8221;off&#8221; button_two_border_radius__hover_enabled=&#8221;off&#8221; button_letter_spacing__hover_enabled=&#8221;off&#8221; button_one_letter_spacing__hover_enabled=&#8221;off&#8221; button_two_letter_spacing__hover_enabled=&#8221;off&#8221; button_bg_color__hover_enabled=&#8221;off&#8221; button_one_bg_color__hover_enabled=&#8221;off&#8221; button_two_bg_color__hover_enabled=&#8221;off&#8221;][\/et_pb_slide][et_pb_slide heading=&#8221;Sir\u00e1ly Strand&#8221; button_text=&#8221;Tov\u00e1bb az \u00e1rakhoz&#8221; button_link=&#8221;https:\/\/siralystrand.hu\/strand-arak\/&#8221; _builder_version=&#8221;4.0.10&#8243; header_font=&#8221;||||||||&#8221; header_text_color=&#8221;#ffffff&#8221; background_color=&#8221;#ffffff&#8221; background_image=&#8221;https:\/\/parkkemping.hu\/wp-content\/uploads\/2018\/07\/IMG_20288.jpg&#8221; background_position=&#8221;bottom_center&#8221; custom_button=&#8221;on&#8221; button_text_size=&#8221;18px&#8221; button_text_color=&#8221;#ffffff&#8221; button_border_width=&#8221;2px&#8221; button_font=&#8221;||||||||&#8221; button_use_icon=&#8221;on&#8221; button_icon=&#8221;%%20%%&#8221; button_rel=&#8221;on|off|off|off|off&#8221; text_orientation=&#8221;center&#8221; header_font_size_phone=&#8221;45px&#8221; header_font_size_last_edited=&#8221;off|desktop&#8221; button_text_size_tablet=&#8221;&#8221; button_text_size_phone=&#8221;14px&#8221; button_text_size_last_edited=&#8221;on|desktop&#8221; button_text_size__hover_enabled=&#8221;off&#8221; button_one_text_size__hover_enabled=&#8221;off&#8221; button_two_text_size__hover_enabled=&#8221;off&#8221; button_text_color__hover_enabled=&#8221;off&#8221; button_one_text_color__hover_enabled=&#8221;off&#8221; button_two_text_color__hover_enabled=&#8221;off&#8221; button_border_width__hover_enabled=&#8221;off&#8221; button_one_border_width__hover_enabled=&#8221;off&#8221; button_two_border_width__hover_enabled=&#8221;off&#8221; button_border_color__hover_enabled=&#8221;off&#8221; button_one_border_color__hover_enabled=&#8221;off&#8221; button_two_border_color__hover_enabled=&#8221;off&#8221; button_border_radius__hover_enabled=&#8221;off&#8221; button_one_border_radius__hover_enabled=&#8221;off&#8221; button_two_border_radius__hover_enabled=&#8221;off&#8221; button_letter_spacing__hover_enabled=&#8221;off&#8221; button_one_letter_spacing__hover_enabled=&#8221;off&#8221; button_two_letter_spacing__hover_enabled=&#8221;off&#8221; button_bg_color__hover_enabled=&#8221;off&#8221; button_one_bg_color__hover_enabled=&#8221;off&#8221; button_two_bg_color__hover_enabled=&#8221;off&#8221;][\/et_pb_slide][\/et_pb_fullwidth_slider][\/et_pb_section][et_pb_section fb_built=&#8221;1&#8243; custom_padding_last_edited=&#8221;on|phone&#8221; admin_label=&#8221;section&#8221; _builder_version=&#8221;3.22&#8243; custom_padding=&#8221;54px|0px|0|0px|false|false&#8221; custom_padding_tablet=&#8221;&#8221; custom_padding_phone=&#8221;20px||0px|&#8221;][et_pb_row column_structure=&#8221;1_4,1_2,1_4&#8243; use_custom_gutter=&#8221;on&#8221; gutter_width=&#8221;1&#8243; make_equal=&#8221;on&#8221; custom_padding_last_edited=&#8221;on|desktop&#8221; admin_label=&#8221;row&#8221; module_class=&#8221; et_pb_row_fullwidth&#8221; _builder_version=&#8221;3.25&#8243; background_size=&#8221;initial&#8221; background_position=&#8221;top_left&#8221; background_repeat=&#8221;repeat&#8221; width=&#8221;100%&#8221; width_tablet=&#8221;100%&#8221; width_phone=&#8221;&#8221; width_last_edited=&#8221;on|desktop&#8221; max_width=&#8221;100%&#8221; max_width_tablet=&#8221;100%&#8221; max_width_phone=&#8221;&#8221; max_width_last_edited=&#8221;on|desktop&#8221; custom_margin_tablet=&#8221;&#8221; custom_margin_phone=&#8221;0px||0px|&#8221; custom_margin_last_edited=&#8221;on|phone&#8221; custom_padding=&#8221;0|0px|0|0px|false|false&#8221; custom_padding_tablet=&#8221;&#8221; custom_padding_phone=&#8221;&#8221; make_fullwidth=&#8221;on&#8221;][et_pb_column type=&#8221;1_4&#8243; _builder_version=&#8221;3.25&#8243; custom_padding=&#8221;|||&#8221; custom_padding__hover=&#8221;|||&#8221;][\/et_pb_column][et_pb_column type=&#8221;1_2&#8243; _builder_version=&#8221;3.25&#8243; custom_padding=&#8221;|||&#8221; custom_padding__hover=&#8221;|||&#8221;][et_pb_text admin_label=&#8221;Text&#8221; module_class=&#8221;secheader&#8221; _builder_version=&#8221;4.0.10&#8243; text_font=&#8221;||||||||&#8221; text_text_color=&#8221;#231f20&#8243; header_font=&#8221;||||||||&#8221; header_text_align=&#8221;center&#8221; header_2_font=&#8221;Pacifico||||||||&#8221; background_size=&#8221;initial&#8221; background_position=&#8221;top_left&#8221; background_repeat=&#8221;repeat&#8221; text_orientation=&#8221;center&#8221; custom_padding=&#8221;||30px|&#8221; custom_padding_tablet=&#8221;&#8221; custom_padding_phone=&#8221;0px||0px|&#8221; custom_padding_last_edited=&#8221;on|phone&#8221; header_font_size_phone=&#8221;40px&#8221; header_font_size_last_edited=&#8221;off|desktop&#8221; header_2_font_size_tablet=&#8221;&#8221; header_2_font_size_phone=&#8221;27px&#8221; header_2_font_size_last_edited=&#8221;on|phone&#8221;]<\/p>\n<h1><strong>Sir\u00e1ly Beach G\u00e1rdony<\/strong><\/h1>\n<p>[\/et_pb_text][\/et_pb_column][et_pb_column type=&#8221;1_4&#8243; _builder_version=&#8221;3.25&#8243; custom_padding=&#8221;|||&#8221; custom_padding__hover=&#8221;|||&#8221;][\/et_pb_column][\/et_pb_row][et_pb_row admin_label=&#8221;row&#8221; _builder_version=&#8221;3.25&#8243; background_size=&#8221;initial&#8221; background_position=&#8221;top_left&#8221; background_repeat=&#8221;repeat&#8221; custom_padding=&#8221;0|0px|27px|0px|false|false&#8221;][et_pb_column type=&#8221;4_4&#8243; _builder_version=&#8221;3.25&#8243; custom_padding=&#8221;|||&#8221; custom_padding__hover=&#8221;|||&#8221;][et_pb_text _builder_version=&#8221;3.27.4&#8243; text_orientation=&#8221;center&#8221; max_width=&#8221;95%&#8221; module_alignment=&#8221;center&#8221; custom_margin=&#8221;40px|||&#8221;]<\/p>\n<p><span>Sir\u00e1ly Beach and Camping is located G\u00e1rdony city, on the shore of Lake Velence, on the site of the former Sport Beach &amp; Camping. The 3-hectare, approx. A 500-meter-long stretch of coast offers direct access to the natural wildlife, reed islands, and healing waters of Lake Velence. At the same time, this wonderful area is not far from the centers of Ag\u00e1rd and G\u00e1rdony, which come alive in the summer. On the west side of the complex is the Seagull Beach, founded almost 100 years ago, which spread the fame of Lake Velence and \"G\u00e1rdonyf\u00fcrd\u0151\" as the subject of countless postcards from the last century.<\/span><\/p>\n<p>[\/et_pb_text][\/et_pb_column][\/et_pb_row][et_pb_row _builder_version=&#8221;4.0.10&#8243; animation_style=&#8221;zoom&#8221; box_shadow_style=&#8221;preset1&#8243;][et_pb_column type=&#8221;4_4&#8243; _builder_version=&#8221;4.0.10&#8243;][et_pb_gallery gallery_ids=&#8221;3745,3727,3744,3757&#8243; show_title_and_caption=&#8221;off&#8221; admin_label=&#8221;sir\u00e1ly strand r\u00e9gen galeria&#8221; _builder_version=&#8221;4.0.10&#8243; pagination_text_align=&#8221;center&#8221; child_mix_blend_mode=&#8221;hard-light&#8221; animation_style=&#8221;zoom&#8221; box_shadow_style_image=&#8221;preset1&#8243; box_shadow_vertical_image=&#8221;1px&#8221;][\/et_pb_gallery][\/et_pb_column][\/et_pb_row][et_pb_row _builder_version=&#8221;4.0.10&#8243;][et_pb_column type=&#8221;4_4&#8243; _builder_version=&#8221;4.0.10&#8243;][et_pb_text _builder_version=&#8221;3.27.4&#8243; text_orientation=&#8221;center&#8221; max_width=&#8221;95%&#8221; module_alignment=&#8221;center&#8221; custom_margin=&#8221;40px|||&#8221;]<\/p>\n<p><span style=\"font-size: 16px;\">In addition to the features of Lake Velence and its surroundings, we can greatly help the recreation of those who come to us with our extra leisure services. You can't spend a day here without boredom, as we can offer special and exciting leisure programs for every day of the week, such as kite sailing, canoeing, trying SUP, bicycle rental, gastronomic experience, etc.<\/span><\/p>\n<p>[\/et_pb_text][et_pb_text _builder_version=&#8221;3.27.4&#8243; text_orientation=&#8221;center&#8221; max_width=&#8221;95%&#8221; module_alignment=&#8221;center&#8221; custom_margin=&#8221;-1px|||||&#8221;]<\/p>\n<p><span style=\"font-size: 16px;\"><a href=\"https:\/\/siralystrand.hu\/en\/strand\/\">The Sir\u00e1ly Beach<\/a> <\/span><span style=\"font-size: 16px;\">has land sports fields and a sandpit for children. At the main entrance you will find a smoke-free island where you can relax in the shade and in the shade of a forest. For the little ones, there is a slowly deepening sandy bay, where they can play and swim in safety. A varied gastronomic offer is available in the buffet area and on the beach, as there are several catering establishments in the area that cater for all tastes, whether it be lunch, dinner or a cold drink. <\/span><\/p>\n<p><span style=\"font-size: 16px;\">The beach is only partially wheelchair accessible!<\/span><\/p>\n<p><span style=\"font-size: 16px;\"><\/span><\/p>\n<p>[\/et_pb_text][\/et_pb_column][\/et_pb_row][et_pb_row column_structure=&#8221;1_3,1_3,1_3&#8243; _builder_version=&#8221;4.0.10&#8243;][et_pb_column type=&#8221;1_3&#8243; _builder_version=&#8221;4.0.10&#8243;][et_pb_image src=&#8221;https:\/\/siralystrand.hu\/wp-content\/uploads\/2020\/06\/IMG_3515_Original.jpg&#8221; alt=&#8221;Sir\u00e1ly Strand Sportp\u00e1lya 1&#8243; title_text=&#8221;Sir\u00e1ly Strand Sportp\u00e1lya 1&#8243; show_in_lightbox=&#8221;on&#8221; _builder_version=&#8221;4.0.10&#8243; box_shadow_style=&#8221;preset1&#8243;][\/et_pb_image][\/et_pb_column][et_pb_column type=&#8221;1_3&#8243; _builder_version=&#8221;4.0.10&#8243;][et_pb_image src=&#8221;https:\/\/siralystrand.hu\/wp-content\/uploads\/2020\/06\/IMG_3629_Original.jpg&#8221; alt=&#8221;Sir\u00e1ly Strand Sportp\u00e1lya 2&#8243; title_text=&#8221;Sir\u00e1ly Strand Sportp\u00e1lya 2&#8243; show_in_lightbox=&#8221;on&#8221; _builder_version=&#8221;4.0.10&#8243; box_shadow_style=&#8221;preset1&#8243;][\/et_pb_image][\/et_pb_column][et_pb_column type=&#8221;1_3&#8243; _builder_version=&#8221;4.0.10&#8243;][et_pb_image src=&#8221;https:\/\/siralystrand.hu\/wp-content\/uploads\/2020\/06\/Sport-Beach-Kemping-photos-Exterior-Sport-Beach-Kemping.jpeg&#8221; alt=&#8221;Sir\u00e1ly Strand v\u00edzi sport p\u00e1lya&#8221; title_text=&#8221;Sir\u00e1ly Strand v\u00edzi sport p\u00e1lya&#8221; show_in_lightbox=&#8221;on&#8221; _builder_version=&#8221;4.0.10&#8243; box_shadow_style=&#8221;preset1&#8243;][\/et_pb_image][\/et_pb_column][\/et_pb_row][et_pb_row _builder_version=&#8221;4.0.10&#8243;][et_pb_column type=&#8221;4_4&#8243; _builder_version=&#8221;4.0.10&#8243;][et_pb_text _builder_version=&#8221;4.0.10&#8243; custom_padding=&#8221;||0px|||&#8221;]<\/p>\n<p style=\"text-align: center;\">Find us on Facebook:\u00a0<a href=\"https:\/\/www.facebook.com\/siralystrand\/\" target=\"_blank\" rel=\"noopener noreferrer\"><span style=\"text-decoration: underline;\"><span style=\"color: #0000ff; text-decoration: underline;\">https:\/\/www.facebook.com\/siralystrand\/<\/span><\/span><\/a><\/p>\n<p>[\/et_pb_text][\/et_pb_column][\/et_pb_row][\/et_pb_section][et_pb_section fb_built=&#8221;1&#8243; _builder_version=&#8221;3.22&#8243; background_color=&#8221;#f4f4f4&#8243;][et_pb_row column_structure=&#8221;1_3,1_3,1_3&#8243; use_custom_gutter=&#8221;on&#8221; module_class=&#8221; et_pb_row_fullwidth&#8221; _builder_version=&#8221;3.25&#8243; width=&#8221;94%&#8221; width_tablet=&#8221;80%&#8221; width_phone=&#8221;&#8221; width_last_edited=&#8221;on|desktop&#8221; max_width=&#8221;94%&#8221; max_width_tablet=&#8221;80%&#8221; max_width_phone=&#8221;&#8221; max_width_last_edited=&#8221;on|desktop&#8221; custom_padding=&#8221;27px|||||&#8221; make_fullwidth=&#8221;on&#8221;][et_pb_column type=&#8221;1_3&#8243; _builder_version=&#8221;3.25&#8243; custom_padding=&#8221;|||&#8221; custom_padding__hover=&#8221;|||&#8221;][\/et_pb_column][et_pb_column type=&#8221;1_3&#8243; _builder_version=&#8221;3.25&#8243; custom_padding=&#8221;|||&#8221; custom_padding__hover=&#8221;|||&#8221;][et_pb_text _builder_version=&#8221;3.27.4&#8243;][\/et_pb_text][et_pb_blurb title=&#8221;Sir\u00e1ly Strand&#8221; url=&#8221;\/strand&#8221; image=&#8221;https:\/\/parkkemping.hu\/wp-content\/uploads\/2018\/03\/strand-ikon.png&#8221; _builder_version=&#8221;3.6&#8243; header_text_align=&#8221;center&#8221; background_color=&#8221;#ffffff&#8221; text_orientation=&#8221;center&#8221; custom_margin=&#8221;|||&#8221; custom_padding=&#8221;30px|30px|30px|30px&#8221; border_radii=&#8221;on|5px|5px|5px|5px&#8221; box_shadow_style=&#8221;preset1&#8243; box_shadow_vertical=&#8221;0px&#8221; box_shadow_blur=&#8221;4px&#8221; box_shadow_spread=&#8221;1px&#8221; box_shadow_color=&#8221;rgba(0,0,0,0.09)&#8221;]<\/p>\n<p>The Sir\u00e1ly Strand Velence Lake, which looks back on more than 100 years of history, awaits even the smallest children and their parents as an \"extra\" with a slowly deepening sandy beach section!<\/p>\n<p><strong><a href=\"https:\/\/siralystrand.hu\/en\/strand\/\">Continue to the Strand page!<\/a><\/strong><\/p>\n<p>[\/et_pb_blurb][\/et_pb_column][et_pb_column type=&#8221;1_3&#8243; _builder_version=&#8221;3.25&#8243; custom_padding=&#8221;|||&#8221; custom_padding__hover=&#8221;|||&#8221;][\/et_pb_column][\/et_pb_row][\/et_pb_section]<\/p>","protected":false},"excerpt":{"rendered":"<p>[et_pb_section fb_built=&#8221;1&#8243; fullwidth=&#8221;on&#8221; _builder_version=&#8221;3.22&#8243;][et_pb_fullwidth_slider module_class=&#8221;secheader&#8221; _builder_version=&#8221;4.0.10&#8243; header_level=&#8221;h1&#8243; header_font=&#8221;Pacifico||||||||&#8221; header_text_align=&#8221;center&#8221; header_font_size=&#8221;60px&#8221; body_font=&#8221;||||||||&#8221; button_alignment=&#8221;center&#8221; custom_padding=&#8221;||80px|||&#8221; header_font_size_tablet=&#8221;&#8221; header_font_size_phone=&#8221;36px&#8221; header_font_size_last_edited=&#8221;on|phone&#8221; button_text_size__hover_enabled=&#8221;off&#8221; button_one_text_size__hover_enabled=&#8221;off&#8221; button_two_text_size__hover_enabled=&#8221;off&#8221; button_text_color__hover_enabled=&#8221;off&#8221; button_one_text_color__hover_enabled=&#8221;off&#8221; button_two_text_color__hover_enabled=&#8221;off&#8221; button_border_width__hover_enabled=&#8221;off&#8221; button_one_border_width__hover_enabled=&#8221;off&#8221; button_two_border_width__hover_enabled=&#8221;off&#8221; button_border_color__hover_enabled=&#8221;off&#8221; button_one_border_color__hover_enabled=&#8221;off&#8221; button_two_border_color__hover_enabled=&#8221;off&#8221; button_border_radius__hover_enabled=&#8221;off&#8221; button_one_border_radius__hover_enabled=&#8221;off&#8221; button_two_border_radius__hover_enabled=&#8221;off&#8221; button_letter_spacing__hover_enabled=&#8221;off&#8221; button_one_letter_spacing__hover_enabled=&#8221;off&#8221; button_two_letter_spacing__hover_enabled=&#8221;off&#8221; button_bg_color__hover_enabled=&#8221;off&#8221; button_one_bg_color__hover_enabled=&#8221;off&#8221; button_two_bg_color__hover_enabled=&#8221;off&#8221;][et_pb_slide heading=&#8221;Sir\u00e1ly Strand G\u00e1rdony&#8221; button_text=&#8221;Tov\u00e1bb a strand \u00e1raihoz!&#8221; button_link=&#8221;https:\/\/siralystrand.hu\/strand-arak\/&#8221; admin_title=&#8221;Sir\u00e1y S K&#8221; _builder_version=&#8221;4.0.10&#8243; header_font=&#8221;||||||||&#8221; header_text_color=&#8221;#ffffff&#8221; background_color=&#8221;#ffffff&#8221; background_image=&#8221;https:\/\/siralystrand.hu\/wp-content\/uploads\/2020\/06\/IMG_4285.jpg&#8221; background_enable_image=&#8221;on&#8221; parallax=&#8221;on&#8221; [&hellip;]<\/p>","protected":false},"author":8,"featured_media":0,"parent":0,"menu_order":0,"comment_status":"closed","ping_status":"closed","template":"","meta":{"_et_pb_use_builder":"on","_et_pb_old_content":""},"yoast_head":"<!-- This site is optimized with the Yoast SEO plugin v14.4.1 - https:\/\/yoast.com\/wordpress\/plugins\/seo\/ -->\n<title>Sir\u00e1ly Strand \u00e9s Kemping | G\u00e1rdony Velencei-t\u00f3 partj\u00e1n<\/title>\n<meta name=\"description\" content=\"Sir\u00e1ly Strand \u00e9s Kemping G\u00e1rdony vasut\u00e1lom\u00e1s melet, a Velencei-t\u00f3 partj\u00e1n tal\u00e1lhat\u00f3. Strand, kemping, fah\u00e1zak \u00e9s apartmanok \u00e1llnak a vend\u00e9gek r\u00e9sz\u00e9re.\" \/>\n<meta name=\"robots\" content=\"index, follow\" \/>\n<meta name=\"googlebot\" content=\"index, follow, max-snippet:-1, max-image-preview:large, max-video-preview:-1\" \/>\n<meta name=\"bingbot\" content=\"index, follow, max-snippet:-1, max-image-preview:large, max-video-preview:-1\" \/>\n<link rel=\"canonical\" href=\"https:\/\/siralystrand.hu\/en\/\" \/>\n<meta property=\"og:locale\" content=\"en_GB\" \/>\n<meta property=\"og:type\" content=\"article\" \/>\n<meta property=\"og:title\" content=\"Sir\u00e1ly Strand \u00e9s Kemping | G\u00e1rdony Velencei-t\u00f3 partj\u00e1n\" \/>\n<meta property=\"og:description\" content=\"Sir\u00e1ly Strand \u00e9s Kemping G\u00e1rdony vasut\u00e1lom\u00e1s melet, a Velencei-t\u00f3 partj\u00e1n tal\u00e1lhat\u00f3. Strand, kemping, fah\u00e1zak \u00e9s apartmanok \u00e1llnak a vend\u00e9gek r\u00e9sz\u00e9re.\" \/>\n<meta property=\"og:url\" content=\"https:\/\/siralystrand.hu\/en\/\" \/>\n<meta property=\"og:site_name\" content=\"Siralystrand\" \/>\n<meta property=\"article:publisher\" content=\"https:\/\/www.facebook.com\/siralystrand\/\" \/>\n<meta property=\"article:modified_time\" content=\"2024-05-14T07:07:50+00:00\" \/>\n<meta name=\"twitter:card\" content=\"summary_large_image\" \/>\n<meta name=\"twitter:image\" content=\"https:\/\/parkkemping.hu\/wp-content\/uploads\/2018\/05\/pexels-photo-205002.jpeg\" \/>\n<script type=\"application\/ld+json\" class=\"yoast-schema-graph\">{\"@context\":\"https:\/\/schema.org\",\"@graph\":[{\"@type\":\"Organization\",\"@id\":\"https:\/\/siralystrand.hu\/en\/#organization\",\"name\":\"Sir\\u00e1ly Strand \\u00e9s Kemping\",\"url\":\"https:\/\/siralystrand.hu\/en\/\",\"sameAs\":[\"https:\/\/www.facebook.com\/siralystrand\/\"],\"logo\":{\"@type\":\"ImageObject\",\"@id\":\"https:\/\/siralystrand.hu\/en\/#logo\",\"inLanguage\":\"en-GB\",\"url\":\"https:\/\/siralystrand.hu\/wp-content\/uploads\/2020\/05\/siralystrand-logo.png\",\"width\":120,\"height\":112,\"caption\":\"Sir\\u00e1ly Strand \\u00e9s Kemping\"},\"image\":{\"@id\":\"https:\/\/siralystrand.hu\/en\/#logo\"}},{\"@type\":\"WebSite\",\"@id\":\"https:\/\/siralystrand.hu\/en\/#website\",\"url\":\"https:\/\/siralystrand.hu\/en\/\",\"name\":\"Siralystrand\",\"description\":\"Kemping | Strand\",\"publisher\":{\"@id\":\"https:\/\/siralystrand.hu\/en\/#organization\"},\"potentialAction\":[{\"@type\":\"SearchAction\",\"target\":\"https:\/\/siralystrand.hu\/en\/?s={search_term_string}\",\"query-input\":\"required name=search_term_string\"}],\"inLanguage\":\"en-GB\"},{\"@type\":\"WebPage\",\"@id\":\"https:\/\/siralystrand.hu\/#webpage\",\"url\":\"https:\/\/siralystrand.hu\/\",\"name\":\"Sir\\u00e1ly Strand \\u00e9s Kemping | G\\u00e1rdony Velencei-t\\u00f3 partj\\u00e1n\",\"isPartOf\":{\"@id\":\"https:\/\/siralystrand.hu\/en\/#website\"},\"datePublished\":\"2018-03-01T10:35:51+00:00\",\"dateModified\":\"2024-05-14T07:07:50+00:00\",\"description\":\"Sir\\u00e1ly Strand \\u00e9s Kemping G\\u00e1rdony vasut\\u00e1lom\\u00e1s melet, a Velencei-t\\u00f3 partj\\u00e1n tal\\u00e1lhat\\u00f3. Strand, kemping, fah\\u00e1zak \\u00e9s apartmanok \\u00e1llnak a vend\\u00e9gek r\\u00e9sz\\u00e9re.\",\"inLanguage\":\"en-GB\",\"potentialAction\":[{\"@type\":\"ReadAction\",\"target\":[\"https:\/\/siralystrand.hu\/\"]}]}]}<\/script>\n<!-- \/ Yoast SEO plugin. -->","_links":{"self":[{"href":"https:\/\/siralystrand.hu\/en\/wp-json\/wp\/v2\/pages\/5"}],"collection":[{"href":"https:\/\/siralystrand.hu\/en\/wp-json\/wp\/v2\/pages"}],"about":[{"href":"https:\/\/siralystrand.hu\/en\/wp-json\/wp\/v2\/types\/page"}],"author":[{"embeddable":true,"href":"https:\/\/siralystrand.hu\/en\/wp-json\/wp\/v2\/users\/8"}],"replies":[{"embeddable":true,"href":"https:\/\/siralystrand.hu\/en\/wp-json\/wp\/v2\/comments?post=5"}],"version-history":[{"count":126,"href":"https:\/\/siralystrand.hu\/en\/wp-json\/wp\/v2\/pages\/5\/revisions"}],"predecessor-version":[{"id":4215,"href":"https:\/\/siralystrand.hu\/en\/wp-json\/wp\/v2\/pages\/5\/revisions\/4215"}],"wp:attachment":[{"href":"https:\/\/siralystrand.hu\/en\/wp-json\/wp\/v2\/media?parent=5"}],"curies":[{"name":"wp","href":"https:\/\/api.w.org\/{rel}","templated":true}]}}